{"id":215,"date":"2023-12-26T10:07:01","date_gmt":"2023-12-26T10:07:01","guid":{"rendered":"https:\/\/www.openup.es\/?page_id=215"},"modified":"2024-12-18T09:11:05","modified_gmt":"2024-12-18T09:11:05","slug":"installation-and-maintenance","status":"publish","type":"page","link":"https:\/\/www.openup.es\/es\/installation-and-maintenance\/","title":{"rendered":"Instalaci\u00f3n y Mantenimiento"},"content":{"rendered":"<div data-elementor-type=\"wp-page\" data-elementor-id=\"215\" class=\"elementor elementor-215\" data-elementor-post-type=\"page\">\n\t\t\t\t\t\t<section class=\"elementor-section elementor-top-section elementor-element elementor-element-a689821 elementor-section-content-middle elementor-section-boxed elementor-section-height-default elementor-section-height-default\" data-id=\"a689821\" data-element_type=\"section\" data-e-type=\"section\" data-settings=\"{&quot;background_background&quot;:&quot;classic&quot;}\">\n\t\t\t\t\t\t<div class=\"elementor-container elementor-column-gap-default\">\n\t\t\t\t\t<div class=\"elementor-column elementor-col-50 elementor-top-column elementor-element elementor-element-33f4a10\" data-id=\"33f4a10\" data-element_type=\"column\" data-e-type=\"column\">\n\t\t\t<div class=\"elementor-widget-wrap elementor-element-populated\">\n\t\t\t\t\t\t<div class=\"elementor-element elementor-element-e263bee elementor-widget elementor-widget-heading\" data-id=\"e263bee\" data-element_type=\"widget\" data-e-type=\"widget\" data-widget_type=\"heading.default\">\n\t\t\t\t<div class=\"elementor-widget-container\">\n\t\t\t\t\t<h6 class=\"elementor-heading-title elementor-size-default\">Open Up<\/h6>\t\t\t\t<\/div>\n\t\t\t\t<\/div>\n\t\t\t\t<div class=\"elementor-element elementor-element-6b6de97 elementor-widget elementor-widget-heading\" data-id=\"6b6de97\" data-element_type=\"widget\" data-e-type=\"widget\" data-widget_type=\"heading.default\">\n\t\t\t\t<div class=\"elementor-widget-container\">\n\t\t\t\t\t<h2 class=\"elementor-heading-title elementor-size-default\">Instalacion y Mantenimiento\n<\/h2>\t\t\t\t<\/div>\n\t\t\t\t<\/div>\n\t\t\t\t<div class=\"elementor-element elementor-element-ce6ce68 elementor-widget elementor-widget-text-editor\" data-id=\"ce6ce68\" data-element_type=\"widget\" data-e-type=\"widget\" data-widget_type=\"text-editor.default\">\n\t\t\t\t<div class=\"elementor-widget-container\">\n\t\t\t\t\t\t\t\t\t<p>En Open Up contamos con los mejores profesionales para llevar a cabo instalaciones de los elementos que forman parte de una red en un entorno empresarial. Damos soporte a las incidencias de hardware y software y todo ello gestionado a trav\u00e9s de una herramienta de incidencias. A trav\u00e9s de esta herramienta permite tener a nuestros clientes estar perfectamente informados del estado de su caso.<\/p><p>Escuchamos a nuestros clientes y damos respuesta a sus requerimientos adapt\u00e1ndonos a sus necesidades.<\/p><p>Disponemos de varios tipos de contratos de mantenimiento teniendo en cuenta el SLA, tiempo de respuesta, as\u00ed como, la gesti\u00f3n de sus garant\u00edas, reparaci\u00f3n de equipamiento, substituci\u00f3n de equipos, almacenaje, etc.<\/p>\t\t\t\t\t\t\t\t<\/div>\n\t\t\t\t<\/div>\n\t\t\t\t\t<\/div>\n\t\t<\/div>\n\t\t\t\t<div class=\"elementor-column elementor-col-50 elementor-top-column elementor-element elementor-element-9df3387\" data-id=\"9df3387\" data-element_type=\"column\" data-e-type=\"column\">\n\t\t\t<div class=\"elementor-widget-wrap elementor-element-populated\">\n\t\t\t\t\t\t<div class=\"elementor-element elementor-element-f301054 elementor-widget elementor-widget-image\" data-id=\"f301054\" data-element_type=\"widget\" data-e-type=\"widget\" data-widget_type=\"image.default\">\n\t\t\t\t<div class=\"elementor-widget-container\">\n\t\t\t\t\t\t\t\t\t\t\t\t\t\t\t<img fetchpriority=\"high\" decoding=\"async\" width=\"1000\" height=\"500\" src=\"https:\/\/www.openup.es\/wp-content\/uploads\/2024\/01\/a10194acc5.jpg\" class=\"attachment-large size-large wp-image-1219\" alt=\"\" srcset=\"https:\/\/www.openup.es\/wp-content\/uploads\/2024\/01\/a10194acc5.jpg 1000w, https:\/\/www.openup.es\/wp-content\/uploads\/2024\/01\/a10194acc5-300x150.jpg 300w, https:\/\/www.openup.es\/wp-content\/uploads\/2024\/01\/a10194acc5-768x384.jpg 768w, https:\/\/www.openup.es\/wp-content\/uploads\/2024\/01\/a10194acc5-18x9.jpg 18w\" sizes=\"(max-width: 1000px) 100vw, 1000px\" \/>\t\t\t\t\t\t\t\t\t\t\t\t\t\t\t<\/div>\n\t\t\t\t<\/div>\n\t\t\t\t\t<\/div>\n\t\t<\/div>\n\t\t\t\t\t<\/div>\n\t\t<\/section>\n\t\t<div class=\"elementor-element elementor-element-331b05a e-flex e-con-boxed e-con e-parent\" data-id=\"331b05a\" data-element_type=\"container\" data-e-type=\"container\" data-settings=\"{&quot;background_background&quot;:&quot;classic&quot;}\">\n\t\t\t\t\t<div class=\"e-con-inner\">\n\t\t\t\t<div class=\"elementor-element elementor-element-8aa8935 elementor-widget elementor-widget-text-editor\" data-id=\"8aa8935\" data-element_type=\"widget\" data-e-type=\"widget\" data-widget_type=\"text-editor.default\">\n\t\t\t\t<div class=\"elementor-widget-container\">\n\t\t\t\t\t\t\t\t\t<p>Nuestra visi\u00f3n es proactiva y realizamos mantenimientos preventivos a los equipos de nuestros clientes de forma peri\u00f3dica, detectando as\u00ed posibles problemas que puedan dejar inoperativos alg\u00fan puesto de trabajo o la red de trabajo.<\/p><p>Queremos entender el negocio de nuestros clientes para poderles asesorar en las mejores soluciones que hay en el mercado desde un punto de vista  \u201cInversi\u00f3n \u00e0  Beneficio Empresa\u201d.<\/p><p>En Open Up Entendemos que vender por vender es una visi\u00f3n a corto plazo y nosotros buscamos una relaci\u00f3n a largo plazo; por ello atendemos a las necesidades de negocio de nuestros clientes.<\/p>\t\t\t\t\t\t\t\t<\/div>\n\t\t\t\t<\/div>\n\t\t\t\t\t<\/div>\n\t\t\t\t<\/div>\n\t\t\t\t<\/div>","protected":false},"excerpt":{"rendered":"<p>Open Up Installation and Maintenance We rely on the best professionals to carry out installations of elements which form part of a network in a professional environment. We offer support to hardware and software incidences, all controlled through an incident management tool. This tool enables us to keep our clients perfectly informed as to the [&hellip;]<\/p>\n","protected":false},"author":2,"featured_media":0,"parent":0,"menu_order":0,"comment_status":"closed","ping_status":"closed","template":"","meta":{"site-sidebar-layout":"no-sidebar","site-content-layout":"","ast-site-content-layout":"full-width-container","site-content-style":"default","site-sidebar-style":"default","ast-global-header-display":"","ast-banner-title-visibility":"","ast-main-header-display":"","ast-hfb-above-header-display":"","ast-hfb-below-header-display":"","ast-hfb-mobile-header-display":"","site-post-title":"disabled","ast-breadcrumbs-content":"","ast-featured-img":"disabled","footer-sml-layout":"","ast-disable-related-posts":"","theme-transparent-header-meta":"default","adv-header-id-meta":"","stick-header-meta":"","header-above-stick-meta":"","header-main-stick-meta":"","header-below-stick-meta":"","astra-migrate-meta-layouts":"set","ast-page-background-enabled":"default","ast-page-background-meta":{"desktop":{"background-color":"var(--ast-global-color-4)","background-image":"","background-repeat":"repeat","background-position":"center center","background-size":"auto","background-attachment":"scroll","background-type":"","background-media":"","overlay-type":"","overlay-color":"","overlay-opacity":"","overlay-gradient":""},"tablet":{"background-color":"","background-image":"","background-repeat":"repeat","background-position":"center center","background-size":"auto","background-attachment":"scroll","background-type":"","background-media":"","overlay-type":"","overlay-color":"","overlay-opacity":"","overlay-gradient":""},"mobile":{"background-color":"","background-image":"","background-repeat":"repeat","background-position":"center center","background-size":"auto","background-attachment":"scroll","background-type":"","background-media":"","overlay-type":"","overlay-color":"","overlay-opacity":"","overlay-gradient":""}},"ast-content-background-meta":{"desktop":{"background-color":"var(--ast-global-color-5)","background-image":"","background-repeat":"repeat","background-position":"center center","background-size":"auto","background-attachment":"scroll","background-type":"","background-media":"","overlay-type":"","overlay-color":"","overlay-opacity":"","overlay-gradient":""},"tablet":{"background-color":"var(--ast-global-color-5)","background-image":"","background-repeat":"repeat","background-position":"center center","background-size":"auto","background-attachment":"scroll","background-type":"","background-media":"","overlay-type":"","overlay-color":"","overlay-opacity":"","overlay-gradient":""},"mobile":{"background-color":"var(--ast-global-color-5)","background-image":"","background-repeat":"repeat","background-position":"center center","background-size":"auto","background-attachment":"scroll","background-type":"","background-media":"","overlay-type":"","overlay-color":"","overlay-opacity":"","overlay-gradient":""}},"footnotes":""},"class_list":["post-215","page","type-page","status-publish","hentry"],"yoast_head":"<!-- This site is optimized with the Yoast SEO Premium plugin v27.4 (Yoast SEO v27.4) - https:\/\/yoast.com\/product\/yoast-seo-premium-wordpress\/ -->\n<title>Installation And Maintenance - Open Up<\/title>\n<meta name=\"robots\" content=\"index, follow, max-snippet:-1, max-image-preview:large, max-video-preview:-1\" \/>\n<link rel=\"canonical\" href=\"https:\/\/www.openup.es\/es\/installation-and-maintenance\/\" \/>\n<meta property=\"og:locale\" content=\"es_ES\" \/>\n<meta property=\"og:type\" content=\"article\" \/>\n<meta property=\"og:title\" content=\"Installation And Maintenance\" \/>\n<meta property=\"og:description\" content=\"Open Up Installation and Maintenance We rely on the best professionals to carry out installations of elements which form part of a network in a professional environment. We offer support to hardware and software incidences, all controlled through an incident management tool. This tool enables us to keep our clients perfectly informed as to the [&hellip;]\" \/>\n<meta property=\"og:url\" content=\"https:\/\/www.openup.es\/es\/installation-and-maintenance\/\" \/>\n<meta property=\"og:site_name\" content=\"Open Up\" \/>\n<meta property=\"article:publisher\" content=\"https:\/\/www.facebook.com\/openup.es\" \/>\n<meta property=\"article:modified_time\" content=\"2024-12-18T09:11:05+00:00\" \/>\n<meta property=\"og:image\" content=\"https:\/\/www.openup.es\/wp-content\/uploads\/2024\/01\/a10194acc5.jpg\" \/>\n<meta name=\"twitter:card\" content=\"summary_large_image\" \/>\n<meta name=\"twitter:site\" content=\"@OpenUp\" \/>\n<meta name=\"twitter:label1\" content=\"Tiempo de lectura\" \/>\n\t<meta name=\"twitter:data1\" content=\"1 minuto\" \/>\n<script type=\"application\/ld+json\" class=\"yoast-schema-graph\">{\"@context\":\"https:\\\/\\\/schema.org\",\"@graph\":[{\"@type\":\"WebPage\",\"@id\":\"https:\\\/\\\/www.openup.es\\\/installation-and-maintenance\\\/\",\"url\":\"https:\\\/\\\/www.openup.es\\\/installation-and-maintenance\\\/\",\"name\":\"Installation And Maintenance - Open Up\",\"isPartOf\":{\"@id\":\"https:\\\/\\\/www.openup.es\\\/es\\\/#website\"},\"primaryImageOfPage\":{\"@id\":\"https:\\\/\\\/www.openup.es\\\/installation-and-maintenance\\\/#primaryimage\"},\"image\":{\"@id\":\"https:\\\/\\\/www.openup.es\\\/installation-and-maintenance\\\/#primaryimage\"},\"thumbnailUrl\":\"https:\\\/\\\/www.openup.es\\\/wp-content\\\/uploads\\\/2024\\\/01\\\/a10194acc5.jpg\",\"datePublished\":\"2023-12-26T10:07:01+00:00\",\"dateModified\":\"2024-12-18T09:11:05+00:00\",\"breadcrumb\":{\"@id\":\"https:\\\/\\\/www.openup.es\\\/installation-and-maintenance\\\/#breadcrumb\"},\"inLanguage\":\"es\",\"potentialAction\":[{\"@type\":\"ReadAction\",\"target\":[\"https:\\\/\\\/www.openup.es\\\/installation-and-maintenance\\\/\"]}]},{\"@type\":\"ImageObject\",\"inLanguage\":\"es\",\"@id\":\"https:\\\/\\\/www.openup.es\\\/installation-and-maintenance\\\/#primaryimage\",\"url\":\"https:\\\/\\\/www.openup.es\\\/wp-content\\\/uploads\\\/2024\\\/01\\\/a10194acc5.jpg\",\"contentUrl\":\"https:\\\/\\\/www.openup.es\\\/wp-content\\\/uploads\\\/2024\\\/01\\\/a10194acc5.jpg\"},{\"@type\":\"BreadcrumbList\",\"@id\":\"https:\\\/\\\/www.openup.es\\\/installation-and-maintenance\\\/#breadcrumb\",\"itemListElement\":[{\"@type\":\"ListItem\",\"position\":1,\"name\":\"Portada\",\"item\":\"https:\\\/\\\/www.openup.es\\\/\"},{\"@type\":\"ListItem\",\"position\":2,\"name\":\"Installation And Maintenance\"}]},{\"@type\":\"WebSite\",\"@id\":\"https:\\\/\\\/www.openup.es\\\/es\\\/#website\",\"url\":\"https:\\\/\\\/www.openup.es\\\/es\\\/\",\"name\":\"Open Up\",\"description\":\"Soluciones Y Servicios Integrales En Centro De Datos\",\"publisher\":{\"@id\":\"https:\\\/\\\/www.openup.es\\\/es\\\/#organization\"},\"potentialAction\":[{\"@type\":\"SearchAction\",\"target\":{\"@type\":\"EntryPoint\",\"urlTemplate\":\"https:\\\/\\\/www.openup.es\\\/es\\\/?s={search_term_string}\"},\"query-input\":{\"@type\":\"PropertyValueSpecification\",\"valueRequired\":true,\"valueName\":\"search_term_string\"}}],\"inLanguage\":\"es\"},{\"@type\":\"Organization\",\"@id\":\"https:\\\/\\\/www.openup.es\\\/es\\\/#organization\",\"name\":\"Open Up\",\"url\":\"https:\\\/\\\/www.openup.es\\\/es\\\/\",\"logo\":{\"@type\":\"ImageObject\",\"inLanguage\":\"es\",\"@id\":\"https:\\\/\\\/www.openup.es\\\/es\\\/#\\\/schema\\\/logo\\\/image\\\/\",\"url\":\"https:\\\/\\\/www.openup.es\\\/wp-content\\\/uploads\\\/2023\\\/12\\\/title-1.webp\",\"contentUrl\":\"https:\\\/\\\/www.openup.es\\\/wp-content\\\/uploads\\\/2023\\\/12\\\/title-1.webp\",\"width\":207,\"height\":80,\"caption\":\"Open Up\"},\"image\":{\"@id\":\"https:\\\/\\\/www.openup.es\\\/es\\\/#\\\/schema\\\/logo\\\/image\\\/\"},\"sameAs\":[\"https:\\\/\\\/www.facebook.com\\\/openup.es\",\"https:\\\/\\\/x.com\\\/OpenUp\",\"https:\\\/\\\/www.linkedin.com\\\/company\\\/5022740\\\/admin\\\/feed\\\/posts\\\/\",\"https:\\\/\\\/www.youtube.com\\\/@openup474\\\/videos\"]}]}<\/script>\n<!-- \/ Yoast SEO Premium plugin. -->","yoast_head_json":{"title":"Installation And Maintenance - Open Up","robots":{"index":"index","follow":"follow","max-snippet":"max-snippet:-1","max-image-preview":"max-image-preview:large","max-video-preview":"max-video-preview:-1"},"canonical":"https:\/\/www.openup.es\/es\/installation-and-maintenance\/","og_locale":"es_ES","og_type":"article","og_title":"Installation And Maintenance","og_description":"Open Up Installation and Maintenance We rely on the best professionals to carry out installations of elements which form part of a network in a professional environment. We offer support to hardware and software incidences, all controlled through an incident management tool. This tool enables us to keep our clients perfectly informed as to the [&hellip;]","og_url":"https:\/\/www.openup.es\/es\/installation-and-maintenance\/","og_site_name":"Open Up","article_publisher":"https:\/\/www.facebook.com\/openup.es","article_modified_time":"2024-12-18T09:11:05+00:00","og_image":[{"url":"https:\/\/www.openup.es\/wp-content\/uploads\/2024\/01\/a10194acc5.jpg","type":"","width":"","height":""}],"twitter_card":"summary_large_image","twitter_site":"@OpenUp","twitter_misc":{"Tiempo de lectura":"1 minuto"},"schema":{"@context":"https:\/\/schema.org","@graph":[{"@type":"WebPage","@id":"https:\/\/www.openup.es\/installation-and-maintenance\/","url":"https:\/\/www.openup.es\/installation-and-maintenance\/","name":"Installation And Maintenance - Open Up","isPartOf":{"@id":"https:\/\/www.openup.es\/es\/#website"},"primaryImageOfPage":{"@id":"https:\/\/www.openup.es\/installation-and-maintenance\/#primaryimage"},"image":{"@id":"https:\/\/www.openup.es\/installation-and-maintenance\/#primaryimage"},"thumbnailUrl":"https:\/\/www.openup.es\/wp-content\/uploads\/2024\/01\/a10194acc5.jpg","datePublished":"2023-12-26T10:07:01+00:00","dateModified":"2024-12-18T09:11:05+00:00","breadcrumb":{"@id":"https:\/\/www.openup.es\/installation-and-maintenance\/#breadcrumb"},"inLanguage":"es","potentialAction":[{"@type":"ReadAction","target":["https:\/\/www.openup.es\/installation-and-maintenance\/"]}]},{"@type":"ImageObject","inLanguage":"es","@id":"https:\/\/www.openup.es\/installation-and-maintenance\/#primaryimage","url":"https:\/\/www.openup.es\/wp-content\/uploads\/2024\/01\/a10194acc5.jpg","contentUrl":"https:\/\/www.openup.es\/wp-content\/uploads\/2024\/01\/a10194acc5.jpg"},{"@type":"BreadcrumbList","@id":"https:\/\/www.openup.es\/installation-and-maintenance\/#breadcrumb","itemListElement":[{"@type":"ListItem","position":1,"name":"Portada","item":"https:\/\/www.openup.es\/"},{"@type":"ListItem","position":2,"name":"Installation And Maintenance"}]},{"@type":"WebSite","@id":"https:\/\/www.openup.es\/es\/#website","url":"https:\/\/www.openup.es\/es\/","name":"Open Up","description":"Soluciones Y Servicios Integrales En Centro De Datos","publisher":{"@id":"https:\/\/www.openup.es\/es\/#organization"},"potentialAction":[{"@type":"SearchAction","target":{"@type":"EntryPoint","urlTemplate":"https:\/\/www.openup.es\/es\/?s={search_term_string}"},"query-input":{"@type":"PropertyValueSpecification","valueRequired":true,"valueName":"search_term_string"}}],"inLanguage":"es"},{"@type":"Organization","@id":"https:\/\/www.openup.es\/es\/#organization","name":"Open Up","url":"https:\/\/www.openup.es\/es\/","logo":{"@type":"ImageObject","inLanguage":"es","@id":"https:\/\/www.openup.es\/es\/#\/schema\/logo\/image\/","url":"https:\/\/www.openup.es\/wp-content\/uploads\/2023\/12\/title-1.webp","contentUrl":"https:\/\/www.openup.es\/wp-content\/uploads\/2023\/12\/title-1.webp","width":207,"height":80,"caption":"Open Up"},"image":{"@id":"https:\/\/www.openup.es\/es\/#\/schema\/logo\/image\/"},"sameAs":["https:\/\/www.facebook.com\/openup.es","https:\/\/x.com\/OpenUp","https:\/\/www.linkedin.com\/company\/5022740\/admin\/feed\/posts\/","https:\/\/www.youtube.com\/@openup474\/videos"]}]}},"_links":{"self":[{"href":"https:\/\/www.openup.es\/es\/wp-json\/wp\/v2\/pages\/215","targetHints":{"allow":["GET"]}}],"collection":[{"href":"https:\/\/www.openup.es\/es\/wp-json\/wp\/v2\/pages"}],"about":[{"href":"https:\/\/www.openup.es\/es\/wp-json\/wp\/v2\/types\/page"}],"author":[{"embeddable":true,"href":"https:\/\/www.openup.es\/es\/wp-json\/wp\/v2\/users\/2"}],"replies":[{"embeddable":true,"href":"https:\/\/www.openup.es\/es\/wp-json\/wp\/v2\/comments?post=215"}],"version-history":[{"count":16,"href":"https:\/\/www.openup.es\/es\/wp-json\/wp\/v2\/pages\/215\/revisions"}],"predecessor-version":[{"id":1266,"href":"https:\/\/www.openup.es\/es\/wp-json\/wp\/v2\/pages\/215\/revisions\/1266"}],"wp:attachment":[{"href":"https:\/\/www.openup.es\/es\/wp-json\/wp\/v2\/media?parent=215"}],"curies":[{"name":"wp","href":"https:\/\/api.w.org\/{rel}","templated":true}]}}