{"id":205,"date":"2023-12-26T10:01:56","date_gmt":"2023-12-26T10:01:56","guid":{"rendered":"https:\/\/www.openup.es\/?page_id=205"},"modified":"2024-12-18T09:11:03","modified_gmt":"2024-12-18T09:11:03","slug":"fire-detection-and-distinguishing","status":"publish","type":"page","link":"https:\/\/www.openup.es\/es\/fire-detection-and-distinguishing\/","title":{"rendered":"Detecci\u00f3n y Extinci\u00f3n de incendios"},"content":{"rendered":"<div data-elementor-type=\"wp-page\" data-elementor-id=\"205\" class=\"elementor elementor-205\" data-elementor-post-type=\"page\">\n\t\t\t\t\t\t<section class=\"elementor-section elementor-top-section elementor-element elementor-element-cabb8ea elementor-section-content-middle elementor-section-boxed elementor-section-height-default elementor-section-height-default\" data-id=\"cabb8ea\" data-element_type=\"section\" data-e-type=\"section\" data-settings=\"{&quot;background_background&quot;:&quot;classic&quot;}\">\n\t\t\t\t\t\t<div class=\"elementor-container elementor-column-gap-default\">\n\t\t\t\t\t<div class=\"elementor-column elementor-col-50 elementor-top-column elementor-element elementor-element-545d9d1\" data-id=\"545d9d1\" data-element_type=\"column\" data-e-type=\"column\">\n\t\t\t<div class=\"elementor-widget-wrap elementor-element-populated\">\n\t\t\t\t\t\t<div class=\"elementor-element elementor-element-4e4885a elementor-widget elementor-widget-heading\" data-id=\"4e4885a\" data-element_type=\"widget\" data-e-type=\"widget\" data-widget_type=\"heading.default\">\n\t\t\t\t<div class=\"elementor-widget-container\">\n\t\t\t\t\t<h6 class=\"elementor-heading-title elementor-size-default\">Open Up<\/h6>\t\t\t\t<\/div>\n\t\t\t\t<\/div>\n\t\t\t\t<div class=\"elementor-element elementor-element-39a76a4 elementor-widget elementor-widget-heading\" data-id=\"39a76a4\" data-element_type=\"widget\" data-e-type=\"widget\" data-widget_type=\"heading.default\">\n\t\t\t\t<div class=\"elementor-widget-container\">\n\t\t\t\t\t<h2 class=\"elementor-heading-title elementor-size-default\">Detecci\u00f3n y extinci\u00f3n de incendios\n<\/h2>\t\t\t\t<\/div>\n\t\t\t\t<\/div>\n\t\t\t\t<div class=\"elementor-element elementor-element-659ed82 elementor-widget elementor-widget-text-editor\" data-id=\"659ed82\" data-element_type=\"widget\" data-e-type=\"widget\" data-widget_type=\"text-editor.default\">\n\t\t\t\t<div class=\"elementor-widget-container\">\n\t\t\t\t\t\t\t\t\t<p>L\u00f3gicamente los CPD deber\u00edan disponer de sistemas de prevenci\u00f3n de incendios, tanto de detecci\u00f3n como de extinci\u00f3n.<\/p><p>Es importante considerar que no se trata s\u00f3lo de que el DPC sea un foco de incendio, sino del valor de la informaci\u00f3n que almacenas, y del considerable da\u00f1o que su p\u00e9rdida significar\u00eda para tu empresa.<\/p><p><strong>Open Up<\/strong>\u00a0ofrece la instalaci\u00f3n de diferentes sistemas o detecci\u00f3n temprana mediante sensores as\u00ed como sistemas de extinci\u00f3n mediante gas o di\u00f3xido de carbono, con el objetivo de extinguir un posible foco de incendio sin da\u00f1ar sus valiosos equipos con sistemas de agua o polvo seco.<\/p>\t\t\t\t\t\t\t\t<\/div>\n\t\t\t\t<\/div>\n\t\t\t\t\t<\/div>\n\t\t<\/div>\n\t\t\t\t<div class=\"elementor-column elementor-col-50 elementor-top-column elementor-element elementor-element-c28ded3\" data-id=\"c28ded3\" data-element_type=\"column\" data-e-type=\"column\" data-settings=\"{&quot;background_background&quot;:&quot;classic&quot;}\">\n\t\t\t<div class=\"elementor-widget-wrap elementor-element-populated\">\n\t\t\t\t\t\t<div class=\"elementor-element elementor-element-eccd59d elementor-widget elementor-widget-image\" data-id=\"eccd59d\" data-element_type=\"widget\" data-e-type=\"widget\" data-widget_type=\"image.default\">\n\t\t\t\t<div class=\"elementor-widget-container\">\n\t\t\t\t\t\t\t\t\t\t\t\t\t\t\t<img fetchpriority=\"high\" decoding=\"async\" width=\"1000\" height=\"662\" src=\"https:\/\/www.openup.es\/wp-content\/uploads\/2024\/02\/4fb8c8fc36.jpg\" class=\"attachment-large size-large wp-image-1476\" alt=\"\" srcset=\"https:\/\/www.openup.es\/wp-content\/uploads\/2024\/02\/4fb8c8fc36.jpg 1000w, https:\/\/www.openup.es\/wp-content\/uploads\/2024\/02\/4fb8c8fc36-300x199.jpg 300w, https:\/\/www.openup.es\/wp-content\/uploads\/2024\/02\/4fb8c8fc36-768x508.jpg 768w, https:\/\/www.openup.es\/wp-content\/uploads\/2024\/02\/4fb8c8fc36-18x12.jpg 18w\" sizes=\"(max-width: 1000px) 100vw, 1000px\" \/>\t\t\t\t\t\t\t\t\t\t\t\t\t\t\t<\/div>\n\t\t\t\t<\/div>\n\t\t\t\t\t<\/div>\n\t\t<\/div>\n\t\t\t\t\t<\/div>\n\t\t<\/section>\n\t\t<div class=\"elementor-element elementor-element-cb5612c e-flex e-con-boxed e-con e-parent\" data-id=\"cb5612c\" data-element_type=\"container\" data-e-type=\"container\" data-settings=\"{&quot;background_background&quot;:&quot;classic&quot;}\">\n\t\t\t\t\t<div class=\"e-con-inner\">\n\t\t\t\t<div class=\"elementor-element elementor-element-987398f elementor-widget elementor-widget-text-editor\" data-id=\"987398f\" data-element_type=\"widget\" data-e-type=\"widget\" data-widget_type=\"text-editor.default\">\n\t\t\t\t<div class=\"elementor-widget-container\">\n\t\t\t\t\t\t\t\t\t<strong>Open Up<\/strong>\u00a0puede realizar un servicio integral en los Data Centers, dise\u00f1ando e implementando los servicios necesarios para optimizar la infraestructura y equipos involucrados en la creaci\u00f3n y gesti\u00f3n del Data Center. De esta forma nos esforzamos y enfocamos en reducir la inversi\u00f3n de capital y gastos operativos.\t\t\t\t\t\t\t\t<\/div>\n\t\t\t\t<\/div>\n\t\t\t\t\t<\/div>\n\t\t\t\t<\/div>\n\t\t\t\t<\/div>","protected":false},"excerpt":{"rendered":"<p>Open Up Fire Detection and Extinguishing Logically, DPCs should have fire prevention systems, for detection as well as extinguishing. It is important to consider that it is not just that the DPC is a fire source, but the value of the information you store, and the considerable harm that its loss would mean to your [&hellip;]<\/p>\n","protected":false},"author":2,"featured_media":0,"parent":0,"menu_order":0,"comment_status":"closed","ping_status":"closed","template":"","meta":{"site-sidebar-layout":"no-sidebar","site-content-layout":"","ast-site-content-layout":"full-width-container","site-content-style":"default","site-sidebar-style":"default","ast-global-header-display":"","ast-banner-title-visibility":"","ast-main-header-display":"","ast-hfb-above-header-display":"","ast-hfb-below-header-display":"","ast-hfb-mobile-header-display":"","site-post-title":"disabled","ast-breadcrumbs-content":"","ast-featured-img":"disabled","footer-sml-layout":"","ast-disable-related-posts":"","theme-transparent-header-meta":"default","adv-header-id-meta":"","stick-header-meta":"","header-above-stick-meta":"","header-main-stick-meta":"","header-below-stick-meta":"","astra-migrate-meta-layouts":"set","ast-page-background-enabled":"default","ast-page-background-meta":{"desktop":{"background-color":"var(--ast-global-color-4)","background-image":"","background-repeat":"repeat","background-position":"center center","background-size":"auto","background-attachment":"scroll","background-type":"","background-media":"","overlay-type":"","overlay-color":"","overlay-opacity":"","overlay-gradient":""},"tablet":{"background-color":"","background-image":"","background-repeat":"repeat","background-position":"center center","background-size":"auto","background-attachment":"scroll","background-type":"","background-media":"","overlay-type":"","overlay-color":"","overlay-opacity":"","overlay-gradient":""},"mobile":{"background-color":"","background-image":"","background-repeat":"repeat","background-position":"center center","background-size":"auto","background-attachment":"scroll","background-type":"","background-media":"","overlay-type":"","overlay-color":"","overlay-opacity":"","overlay-gradient":""}},"ast-content-background-meta":{"desktop":{"background-color":"var(--ast-global-color-5)","background-image":"","background-repeat":"repeat","background-position":"center center","background-size":"auto","background-attachment":"scroll","background-type":"","background-media":"","overlay-type":"","overlay-color":"","overlay-opacity":"","overlay-gradient":""},"tablet":{"background-color":"var(--ast-global-color-5)","background-image":"","background-repeat":"repeat","background-position":"center center","background-size":"auto","background-attachment":"scroll","background-type":"","background-media":"","overlay-type":"","overlay-color":"","overlay-opacity":"","overlay-gradient":""},"mobile":{"background-color":"var(--ast-global-color-5)","background-image":"","background-repeat":"repeat","background-position":"center center","background-size":"auto","background-attachment":"scroll","background-type":"","background-media":"","overlay-type":"","overlay-color":"","overlay-opacity":"","overlay-gradient":""}},"footnotes":""},"class_list":["post-205","page","type-page","status-publish","hentry"],"yoast_head":"<!-- This site is optimized with the Yoast SEO Premium plugin v27.4 (Yoast SEO v27.4) - https:\/\/yoast.com\/product\/yoast-seo-premium-wordpress\/ -->\n<title>Fire Detection And Distinguishing - Open Up<\/title>\n<meta name=\"robots\" content=\"index, follow, max-snippet:-1, max-image-preview:large, max-video-preview:-1\" \/>\n<link rel=\"canonical\" href=\"https:\/\/www.openup.es\/es\/fire-detection-and-distinguishing\/\" \/>\n<meta property=\"og:locale\" content=\"es_ES\" \/>\n<meta property=\"og:type\" content=\"article\" \/>\n<meta property=\"og:title\" content=\"Fire Detection And Distinguishing\" \/>\n<meta property=\"og:description\" content=\"Open Up Fire Detection and Extinguishing Logically, DPCs should have fire prevention systems, for detection as well as extinguishing. It is important to consider that it is not just that the DPC is a fire source, but the value of the information you store, and the considerable harm that its loss would mean to your [&hellip;]\" \/>\n<meta property=\"og:url\" content=\"https:\/\/www.openup.es\/es\/fire-detection-and-distinguishing\/\" \/>\n<meta property=\"og:site_name\" content=\"Open Up\" \/>\n<meta property=\"article:publisher\" content=\"https:\/\/www.facebook.com\/openup.es\" \/>\n<meta property=\"article:modified_time\" content=\"2024-12-18T09:11:03+00:00\" \/>\n<meta property=\"og:image\" content=\"https:\/\/www.openup.es\/wp-content\/uploads\/2024\/02\/4fb8c8fc36.jpg\" \/>\n<meta name=\"twitter:card\" content=\"summary_large_image\" \/>\n<meta name=\"twitter:site\" content=\"@OpenUp\" \/>\n<meta name=\"twitter:label1\" content=\"Tiempo de lectura\" \/>\n\t<meta name=\"twitter:data1\" content=\"1 minuto\" \/>\n<script type=\"application\/ld+json\" class=\"yoast-schema-graph\">{\"@context\":\"https:\\\/\\\/schema.org\",\"@graph\":[{\"@type\":\"WebPage\",\"@id\":\"https:\\\/\\\/www.openup.es\\\/fire-detection-and-distinguishing\\\/\",\"url\":\"https:\\\/\\\/www.openup.es\\\/fire-detection-and-distinguishing\\\/\",\"name\":\"Fire Detection And Distinguishing - Open Up\",\"isPartOf\":{\"@id\":\"https:\\\/\\\/www.openup.es\\\/es\\\/#website\"},\"primaryImageOfPage\":{\"@id\":\"https:\\\/\\\/www.openup.es\\\/fire-detection-and-distinguishing\\\/#primaryimage\"},\"image\":{\"@id\":\"https:\\\/\\\/www.openup.es\\\/fire-detection-and-distinguishing\\\/#primaryimage\"},\"thumbnailUrl\":\"https:\\\/\\\/www.openup.es\\\/wp-content\\\/uploads\\\/2024\\\/02\\\/4fb8c8fc36.jpg\",\"datePublished\":\"2023-12-26T10:01:56+00:00\",\"dateModified\":\"2024-12-18T09:11:03+00:00\",\"breadcrumb\":{\"@id\":\"https:\\\/\\\/www.openup.es\\\/fire-detection-and-distinguishing\\\/#breadcrumb\"},\"inLanguage\":\"es\",\"potentialAction\":[{\"@type\":\"ReadAction\",\"target\":[\"https:\\\/\\\/www.openup.es\\\/fire-detection-and-distinguishing\\\/\"]}]},{\"@type\":\"ImageObject\",\"inLanguage\":\"es\",\"@id\":\"https:\\\/\\\/www.openup.es\\\/fire-detection-and-distinguishing\\\/#primaryimage\",\"url\":\"https:\\\/\\\/www.openup.es\\\/wp-content\\\/uploads\\\/2024\\\/02\\\/4fb8c8fc36.jpg\",\"contentUrl\":\"https:\\\/\\\/www.openup.es\\\/wp-content\\\/uploads\\\/2024\\\/02\\\/4fb8c8fc36.jpg\"},{\"@type\":\"BreadcrumbList\",\"@id\":\"https:\\\/\\\/www.openup.es\\\/fire-detection-and-distinguishing\\\/#breadcrumb\",\"itemListElement\":[{\"@type\":\"ListItem\",\"position\":1,\"name\":\"Portada\",\"item\":\"https:\\\/\\\/www.openup.es\\\/\"},{\"@type\":\"ListItem\",\"position\":2,\"name\":\"Fire Detection And Distinguishing\"}]},{\"@type\":\"WebSite\",\"@id\":\"https:\\\/\\\/www.openup.es\\\/es\\\/#website\",\"url\":\"https:\\\/\\\/www.openup.es\\\/es\\\/\",\"name\":\"Open Up\",\"description\":\"Soluciones Y Servicios Integrales En Centro De Datos\",\"publisher\":{\"@id\":\"https:\\\/\\\/www.openup.es\\\/es\\\/#organization\"},\"potentialAction\":[{\"@type\":\"SearchAction\",\"target\":{\"@type\":\"EntryPoint\",\"urlTemplate\":\"https:\\\/\\\/www.openup.es\\\/es\\\/?s={search_term_string}\"},\"query-input\":{\"@type\":\"PropertyValueSpecification\",\"valueRequired\":true,\"valueName\":\"search_term_string\"}}],\"inLanguage\":\"es\"},{\"@type\":\"Organization\",\"@id\":\"https:\\\/\\\/www.openup.es\\\/es\\\/#organization\",\"name\":\"Open Up\",\"url\":\"https:\\\/\\\/www.openup.es\\\/es\\\/\",\"logo\":{\"@type\":\"ImageObject\",\"inLanguage\":\"es\",\"@id\":\"https:\\\/\\\/www.openup.es\\\/es\\\/#\\\/schema\\\/logo\\\/image\\\/\",\"url\":\"https:\\\/\\\/www.openup.es\\\/wp-content\\\/uploads\\\/2023\\\/12\\\/title-1.webp\",\"contentUrl\":\"https:\\\/\\\/www.openup.es\\\/wp-content\\\/uploads\\\/2023\\\/12\\\/title-1.webp\",\"width\":207,\"height\":80,\"caption\":\"Open Up\"},\"image\":{\"@id\":\"https:\\\/\\\/www.openup.es\\\/es\\\/#\\\/schema\\\/logo\\\/image\\\/\"},\"sameAs\":[\"https:\\\/\\\/www.facebook.com\\\/openup.es\",\"https:\\\/\\\/x.com\\\/OpenUp\",\"https:\\\/\\\/www.linkedin.com\\\/company\\\/5022740\\\/admin\\\/feed\\\/posts\\\/\",\"https:\\\/\\\/www.youtube.com\\\/@openup474\\\/videos\"]}]}<\/script>\n<!-- \/ Yoast SEO Premium plugin. -->","yoast_head_json":{"title":"Fire Detection And Distinguishing - Open Up","robots":{"index":"index","follow":"follow","max-snippet":"max-snippet:-1","max-image-preview":"max-image-preview:large","max-video-preview":"max-video-preview:-1"},"canonical":"https:\/\/www.openup.es\/es\/fire-detection-and-distinguishing\/","og_locale":"es_ES","og_type":"article","og_title":"Fire Detection And Distinguishing","og_description":"Open Up Fire Detection and Extinguishing Logically, DPCs should have fire prevention systems, for detection as well as extinguishing. It is important to consider that it is not just that the DPC is a fire source, but the value of the information you store, and the considerable harm that its loss would mean to your [&hellip;]","og_url":"https:\/\/www.openup.es\/es\/fire-detection-and-distinguishing\/","og_site_name":"Open Up","article_publisher":"https:\/\/www.facebook.com\/openup.es","article_modified_time":"2024-12-18T09:11:03+00:00","og_image":[{"url":"https:\/\/www.openup.es\/wp-content\/uploads\/2024\/02\/4fb8c8fc36.jpg","type":"","width":"","height":""}],"twitter_card":"summary_large_image","twitter_site":"@OpenUp","twitter_misc":{"Tiempo de lectura":"1 minuto"},"schema":{"@context":"https:\/\/schema.org","@graph":[{"@type":"WebPage","@id":"https:\/\/www.openup.es\/fire-detection-and-distinguishing\/","url":"https:\/\/www.openup.es\/fire-detection-and-distinguishing\/","name":"Fire Detection And Distinguishing - Open Up","isPartOf":{"@id":"https:\/\/www.openup.es\/es\/#website"},"primaryImageOfPage":{"@id":"https:\/\/www.openup.es\/fire-detection-and-distinguishing\/#primaryimage"},"image":{"@id":"https:\/\/www.openup.es\/fire-detection-and-distinguishing\/#primaryimage"},"thumbnailUrl":"https:\/\/www.openup.es\/wp-content\/uploads\/2024\/02\/4fb8c8fc36.jpg","datePublished":"2023-12-26T10:01:56+00:00","dateModified":"2024-12-18T09:11:03+00:00","breadcrumb":{"@id":"https:\/\/www.openup.es\/fire-detection-and-distinguishing\/#breadcrumb"},"inLanguage":"es","potentialAction":[{"@type":"ReadAction","target":["https:\/\/www.openup.es\/fire-detection-and-distinguishing\/"]}]},{"@type":"ImageObject","inLanguage":"es","@id":"https:\/\/www.openup.es\/fire-detection-and-distinguishing\/#primaryimage","url":"https:\/\/www.openup.es\/wp-content\/uploads\/2024\/02\/4fb8c8fc36.jpg","contentUrl":"https:\/\/www.openup.es\/wp-content\/uploads\/2024\/02\/4fb8c8fc36.jpg"},{"@type":"BreadcrumbList","@id":"https:\/\/www.openup.es\/fire-detection-and-distinguishing\/#breadcrumb","itemListElement":[{"@type":"ListItem","position":1,"name":"Portada","item":"https:\/\/www.openup.es\/"},{"@type":"ListItem","position":2,"name":"Fire Detection And Distinguishing"}]},{"@type":"WebSite","@id":"https:\/\/www.openup.es\/es\/#website","url":"https:\/\/www.openup.es\/es\/","name":"Open Up","description":"Soluciones Y Servicios Integrales En Centro De Datos","publisher":{"@id":"https:\/\/www.openup.es\/es\/#organization"},"potentialAction":[{"@type":"SearchAction","target":{"@type":"EntryPoint","urlTemplate":"https:\/\/www.openup.es\/es\/?s={search_term_string}"},"query-input":{"@type":"PropertyValueSpecification","valueRequired":true,"valueName":"search_term_string"}}],"inLanguage":"es"},{"@type":"Organization","@id":"https:\/\/www.openup.es\/es\/#organization","name":"Open Up","url":"https:\/\/www.openup.es\/es\/","logo":{"@type":"ImageObject","inLanguage":"es","@id":"https:\/\/www.openup.es\/es\/#\/schema\/logo\/image\/","url":"https:\/\/www.openup.es\/wp-content\/uploads\/2023\/12\/title-1.webp","contentUrl":"https:\/\/www.openup.es\/wp-content\/uploads\/2023\/12\/title-1.webp","width":207,"height":80,"caption":"Open Up"},"image":{"@id":"https:\/\/www.openup.es\/es\/#\/schema\/logo\/image\/"},"sameAs":["https:\/\/www.facebook.com\/openup.es","https:\/\/x.com\/OpenUp","https:\/\/www.linkedin.com\/company\/5022740\/admin\/feed\/posts\/","https:\/\/www.youtube.com\/@openup474\/videos"]}]}},"_links":{"self":[{"href":"https:\/\/www.openup.es\/es\/wp-json\/wp\/v2\/pages\/205","targetHints":{"allow":["GET"]}}],"collection":[{"href":"https:\/\/www.openup.es\/es\/wp-json\/wp\/v2\/pages"}],"about":[{"href":"https:\/\/www.openup.es\/es\/wp-json\/wp\/v2\/types\/page"}],"author":[{"embeddable":true,"href":"https:\/\/www.openup.es\/es\/wp-json\/wp\/v2\/users\/2"}],"replies":[{"embeddable":true,"href":"https:\/\/www.openup.es\/es\/wp-json\/wp\/v2\/comments?post=205"}],"version-history":[{"count":25,"href":"https:\/\/www.openup.es\/es\/wp-json\/wp\/v2\/pages\/205\/revisions"}],"predecessor-version":[{"id":1479,"href":"https:\/\/www.openup.es\/es\/wp-json\/wp\/v2\/pages\/205\/revisions\/1479"}],"wp:attachment":[{"href":"https:\/\/www.openup.es\/es\/wp-json\/wp\/v2\/media?parent=205"}],"curies":[{"name":"wp","href":"https:\/\/api.w.org\/{rel}","templated":true}]}}