{"id":203,"date":"2023-12-26T10:01:23","date_gmt":"2023-12-26T10:01:23","guid":{"rendered":"https:\/\/www.openup.es\/?page_id=203"},"modified":"2024-12-18T09:10:37","modified_gmt":"2024-12-18T09:10:37","slug":"securityaccess-control-cctv","status":"publish","type":"page","link":"https:\/\/www.openup.es\/es\/securityaccess-control-cctv\/","title":{"rendered":"Seguridad (Control de Accesos, Videovigilancia)"},"content":{"rendered":"<div data-elementor-type=\"wp-page\" data-elementor-id=\"203\" class=\"elementor elementor-203\" data-elementor-post-type=\"page\">\n\t\t\t\t<div class=\"elementor-element elementor-element-6d47ca6 e-flex e-con-boxed e-con e-parent\" data-id=\"6d47ca6\" data-element_type=\"container\" data-e-type=\"container\">\n\t\t\t\t\t<div class=\"e-con-inner\">\n\t\t\t\t<div class=\"elementor-element elementor-element-58f1be4 elementor-widget elementor-widget-heading\" data-id=\"58f1be4\" data-element_type=\"widget\" data-e-type=\"widget\" data-widget_type=\"heading.default\">\n\t\t\t\t<div class=\"elementor-widget-container\">\n\t\t\t\t\t<h2 class=\"elementor-heading-title elementor-size-default\">Seguridad (Control de Accesos, Videovigilancia)\n<\/h2>\t\t\t\t<\/div>\n\t\t\t\t<\/div>\n\t\t\t\t<div class=\"elementor-element elementor-element-2ec4404 elementor-widget elementor-widget-text-editor\" data-id=\"2ec4404\" data-element_type=\"widget\" data-e-type=\"widget\" data-widget_type=\"text-editor.default\">\n\t\t\t\t<div class=\"elementor-widget-container\">\n\t\t\t\t\t\t\t\t\tSistemas de Red de Control de Accesos que le dar\u00e1n mayor Seguridad y Control en \u00e1reas restringidas.\t\t\t\t\t\t\t\t<\/div>\n\t\t\t\t<\/div>\n\t\t\t\t<div class=\"elementor-element elementor-element-d938ace elementor-widget elementor-widget-heading\" data-id=\"d938ace\" data-element_type=\"widget\" data-e-type=\"widget\" data-widget_type=\"heading.default\">\n\t\t\t\t<div class=\"elementor-widget-container\">\n\t\t\t\t\t<h2 class=\"elementor-heading-title elementor-size-default\">Caracter\u00edsticas:<\/h2>\t\t\t\t<\/div>\n\t\t\t\t<\/div>\n\t\t\t\t\t<\/div>\n\t\t\t\t<\/div>\n\t\t\t\t<section class=\"elementor-section elementor-top-section elementor-element elementor-element-dfa606b elementor-section-boxed elementor-section-height-default elementor-section-height-default elementor-invisible\" data-id=\"dfa606b\" data-element_type=\"section\" data-e-type=\"section\" data-settings=\"{&quot;animation&quot;:&quot;fadeIn&quot;}\">\n\t\t\t\t\t\t<div class=\"elementor-container elementor-column-gap-default\">\n\t\t\t\t\t<div class=\"elementor-column elementor-col-33 elementor-top-column elementor-element elementor-element-396efe5\" data-id=\"396efe5\" data-element_type=\"column\" data-e-type=\"column\" data-settings=\"{&quot;background_background&quot;:&quot;classic&quot;}\">\n\t\t\t<div class=\"elementor-widget-wrap elementor-element-populated\">\n\t\t\t\t\t<div class=\"elementor-background-overlay\"><\/div>\n\t\t\t\t\t\t<div class=\"elementor-element elementor-element-e2848e0 elementor-widget elementor-widget-text-editor\" data-id=\"e2848e0\" data-element_type=\"widget\" data-e-type=\"widget\" data-widget_type=\"text-editor.default\">\n\t\t\t\t<div class=\"elementor-widget-container\">\n\t\t\t\t\t\t\t\t\tUno o m\u00e1s terminales a los que se conectar\u00e1n lectoras en las que el personal introducir\u00e1 su tarjeta para poder abrir una puerta o barrera. Los accesos se realizan mediante tarjetas con banda magn\u00e9tica o tarjetas de proximidad. Seg\u00fan el modelo, el terminal se conecta a un ordenador a trav\u00e9s de un puerto serie RS-232\/422 o a una red Ethernet con protocolo TCP\/IP.\n\t\t\t\t\t\t\t\t<\/div>\n\t\t\t\t<\/div>\n\t\t\t\t\t<\/div>\n\t\t<\/div>\n\t\t\t\t<div class=\"elementor-column elementor-col-33 elementor-top-column elementor-element elementor-element-5ec7450\" data-id=\"5ec7450\" data-element_type=\"column\" data-e-type=\"column\" data-settings=\"{&quot;background_background&quot;:&quot;classic&quot;}\">\n\t\t\t<div class=\"elementor-widget-wrap elementor-element-populated\">\n\t\t\t\t\t<div class=\"elementor-background-overlay\"><\/div>\n\t\t\t\t\t\t<div class=\"elementor-element elementor-element-6e492da elementor-widget elementor-widget-text-editor\" data-id=\"6e492da\" data-element_type=\"widget\" data-e-type=\"widget\" data-widget_type=\"text-editor.default\">\n\t\t\t\t<div class=\"elementor-widget-container\">\n\t\t\t\t\t\t\t\t\tUn programa que se encargar\u00e1 de comunicar el PC con la terminal para la programaci\u00f3n de los c\u00f3digos autorizados y facilitar\u00e1 informes sobre el acceso del personal a los distintos lugares que se deseen controlar, con una m\u00ednima dedicaci\u00f3n.\n\t\t\t\t\t\t\t\t<\/div>\n\t\t\t\t<\/div>\n\t\t\t\t\t<\/div>\n\t\t<\/div>\n\t\t\t\t<div class=\"elementor-column elementor-col-33 elementor-top-column elementor-element elementor-element-c9bf49f\" data-id=\"c9bf49f\" data-element_type=\"column\" data-e-type=\"column\" data-settings=\"{&quot;background_background&quot;:&quot;classic&quot;}\">\n\t\t\t<div class=\"elementor-widget-wrap elementor-element-populated\">\n\t\t\t\t\t<div class=\"elementor-background-overlay\"><\/div>\n\t\t\t\t\t\t<div class=\"elementor-element elementor-element-df27f8f elementor-widget elementor-widget-text-editor\" data-id=\"df27f8f\" data-element_type=\"widget\" data-e-type=\"widget\" data-widget_type=\"text-editor.default\">\n\t\t\t\t<div class=\"elementor-widget-container\">\n\t\t\t\t\t\t\t\t\tTarjetas magn\u00e9ticas o de proximidad con las que el personal realizar\u00e1 sus fichajes. Las tarjetas con banda magn\u00e9tica son inmunes a los imanes convencionales, tienen una larga durabilidad y un coste bajo. Las tarjetas de proximidad s\u00f3lo deben acercarse al lector, sin importar su posici\u00f3n, para ser le\u00eddas.\n\t\t\t\t\t\t\t\t<\/div>\n\t\t\t\t<\/div>\n\t\t\t\t\t<\/div>\n\t\t<\/div>\n\t\t\t\t\t<\/div>\n\t\t<\/section>\n\t\t<div class=\"elementor-element elementor-element-95d59dc e-flex e-con-boxed e-con e-parent\" data-id=\"95d59dc\" data-element_type=\"container\" data-e-type=\"container\">\n\t\t\t\t\t<div class=\"e-con-inner\">\n\t\t\t\t<div class=\"elementor-element elementor-element-9ec6f4e elementor-widget elementor-widget-image\" data-id=\"9ec6f4e\" data-element_type=\"widget\" data-e-type=\"widget\" data-widget_type=\"image.default\">\n\t\t\t\t<div class=\"elementor-widget-container\">\n\t\t\t\t\t\t\t\t\t\t\t\t\t\t\t<img fetchpriority=\"high\" decoding=\"async\" width=\"1000\" height=\"576\" src=\"https:\/\/www.openup.es\/wp-content\/uploads\/2024\/01\/a13211b129.jpg\" class=\"attachment-large size-large wp-image-1220\" alt=\"\" srcset=\"https:\/\/www.openup.es\/wp-content\/uploads\/2024\/01\/a13211b129.jpg 1000w, https:\/\/www.openup.es\/wp-content\/uploads\/2024\/01\/a13211b129-300x173.jpg 300w, https:\/\/www.openup.es\/wp-content\/uploads\/2024\/01\/a13211b129-768x442.jpg 768w, https:\/\/www.openup.es\/wp-content\/uploads\/2024\/01\/a13211b129-18x10.jpg 18w\" sizes=\"(max-width: 1000px) 100vw, 1000px\" \/>\t\t\t\t\t\t\t\t\t\t\t\t\t\t\t<\/div>\n\t\t\t\t<\/div>\n\t\t\t\t\t<\/div>\n\t\t\t\t<\/div>\n\t\t\t\t<section class=\"elementor-section elementor-top-section elementor-element elementor-element-b565767 elementor-section-boxed elementor-section-height-default elementor-section-height-default\" data-id=\"b565767\" data-element_type=\"section\" data-e-type=\"section\">\n\t\t\t\t\t\t<div class=\"elementor-container elementor-column-gap-default\">\n\t\t\t\t\t<div class=\"elementor-column elementor-col-100 elementor-top-column elementor-element elementor-element-8b9a018\" data-id=\"8b9a018\" data-element_type=\"column\" data-e-type=\"column\">\n\t\t\t<div class=\"elementor-widget-wrap elementor-element-populated\">\n\t\t\t\t\t\t<section class=\"elementor-section elementor-inner-section elementor-element elementor-element-15de645 elementor-section-boxed elementor-section-height-default elementor-section-height-default\" data-id=\"15de645\" data-element_type=\"section\" data-e-type=\"section\">\n\t\t\t\t\t\t<div class=\"elementor-container elementor-column-gap-no\">\n\t\t\t\t\t<div class=\"elementor-column elementor-col-33 elementor-inner-column elementor-element elementor-element-e66ba6f elementor-invisible\" data-id=\"e66ba6f\" data-element_type=\"column\" data-e-type=\"column\" data-settings=\"{&quot;background_background&quot;:&quot;classic&quot;,&quot;animation&quot;:&quot;fadeInUp&quot;}\">\n\t\t\t<div class=\"elementor-widget-wrap elementor-element-populated\">\n\t\t\t\t\t\t<div class=\"elementor-element elementor-element-eb4d5e3 elementor-widget elementor-widget-image\" data-id=\"eb4d5e3\" data-element_type=\"widget\" data-e-type=\"widget\" data-widget_type=\"image.default\">\n\t\t\t\t<div class=\"elementor-widget-container\">\n\t\t\t\t\t\t\t\t\t\t\t\t\t\t\t\t<a href=\"#\">\n\t\t\t\t\t\t\t<img decoding=\"async\" src=\"https:\/\/www.openup.es\/wp-content\/uploads\/elementor\/thumbs\/magnet-r0z15cbtdcmm3t4ama1q7tahju9dkz4wnnb9nqd8zu.png\" title=\"magnet\" alt=\"magnet\" loading=\"lazy\" \/>\t\t\t\t\t\t\t\t<\/a>\n\t\t\t\t\t\t\t\t\t\t\t\t\t\t\t<\/div>\n\t\t\t\t<\/div>\n\t\t\t\t<div class=\"elementor-element elementor-element-64b826d elementor-widget elementor-widget-heading\" data-id=\"64b826d\" data-element_type=\"widget\" data-e-type=\"widget\" data-widget_type=\"heading.default\">\n\t\t\t\t<div class=\"elementor-widget-container\">\n\t\t\t\t\t<h4 class=\"elementor-heading-title elementor-size-default\">Tarjeta de Banda Magn\u00e9tica\n<\/h4>\t\t\t\t<\/div>\n\t\t\t\t<\/div>\n\t\t\t\t\t<\/div>\n\t\t<\/div>\n\t\t\t\t<div class=\"elementor-column elementor-col-33 elementor-inner-column elementor-element elementor-element-ab025cc elementor-invisible\" data-id=\"ab025cc\" data-element_type=\"column\" data-e-type=\"column\" data-settings=\"{&quot;background_background&quot;:&quot;classic&quot;,&quot;animation&quot;:&quot;zoomIn&quot;}\">\n\t\t\t<div class=\"elementor-widget-wrap elementor-element-populated\">\n\t\t\t\t\t\t<div class=\"elementor-element elementor-element-41bfb88 elementor-widget elementor-widget-image\" data-id=\"41bfb88\" data-element_type=\"widget\" data-e-type=\"widget\" data-widget_type=\"image.default\">\n\t\t\t\t<div class=\"elementor-widget-container\">\n\t\t\t\t\t\t\t\t\t\t\t\t\t\t\t\t<a href=\"#\">\n\t\t\t\t\t\t\t<img decoding=\"async\" src=\"https:\/\/www.openup.es\/wp-content\/uploads\/elementor\/thumbs\/radar-r0z15cbtdcmm3t4ama1q7tahju9dkz4wnnb9nqd8zu.png\" title=\"radar\" alt=\"radar\" loading=\"lazy\" \/>\t\t\t\t\t\t\t\t<\/a>\n\t\t\t\t\t\t\t\t\t\t\t\t\t\t\t<\/div>\n\t\t\t\t<\/div>\n\t\t\t\t<div class=\"elementor-element elementor-element-b2659eb elementor-widget elementor-widget-heading\" data-id=\"b2659eb\" data-element_type=\"widget\" data-e-type=\"widget\" data-widget_type=\"heading.default\">\n\t\t\t\t<div class=\"elementor-widget-container\">\n\t\t\t\t\t<h4 class=\"elementor-heading-title elementor-size-default\">Tarjeta de Proximidad\n<\/h4>\t\t\t\t<\/div>\n\t\t\t\t<\/div>\n\t\t\t\t\t<\/div>\n\t\t<\/div>\n\t\t\t\t<div class=\"elementor-column elementor-col-33 elementor-inner-column elementor-element elementor-element-a01ee6a elementor-invisible\" data-id=\"a01ee6a\" data-element_type=\"column\" data-e-type=\"column\" data-settings=\"{&quot;background_background&quot;:&quot;classic&quot;,&quot;animation&quot;:&quot;fadeInUp&quot;}\">\n\t\t\t<div class=\"elementor-widget-wrap elementor-element-populated\">\n\t\t\t\t\t\t<div class=\"elementor-element elementor-element-69229b1 elementor-widget elementor-widget-image\" data-id=\"69229b1\" data-element_type=\"widget\" data-e-type=\"widget\" data-widget_type=\"image.default\">\n\t\t\t\t<div class=\"elementor-widget-container\">\n\t\t\t\t\t\t\t\t\t\t\t\t\t\t\t\t<a href=\"#\">\n\t\t\t\t\t\t\t<img decoding=\"async\" src=\"https:\/\/www.openup.es\/wp-content\/uploads\/elementor\/thumbs\/fingerprint-scan-r0z15cbtdcmm3t4ama1q7tahju9dkz4wnnb9nqd8zu.png\" title=\"fingerprint-scan\" alt=\"fingerprint-scan\" loading=\"lazy\" \/>\t\t\t\t\t\t\t\t<\/a>\n\t\t\t\t\t\t\t\t\t\t\t\t\t\t\t<\/div>\n\t\t\t\t<\/div>\n\t\t\t\t<div class=\"elementor-element elementor-element-eb5eca4 elementor-widget elementor-widget-heading\" data-id=\"eb5eca4\" data-element_type=\"widget\" data-e-type=\"widget\" data-widget_type=\"heading.default\">\n\t\t\t\t<div class=\"elementor-widget-container\">\n\t\t\t\t\t<h4 class=\"elementor-heading-title elementor-size-default\">Huella Dactilar\n<\/h4>\t\t\t\t<\/div>\n\t\t\t\t<\/div>\n\t\t\t\t\t<\/div>\n\t\t<\/div>\n\t\t\t\t\t<\/div>\n\t\t<\/section>\n\t\t\t\t\t<\/div>\n\t\t<\/div>\n\t\t\t\t\t<\/div>\n\t\t<\/section>\n\t\t\t\t<\/div>","protected":false},"excerpt":{"rendered":"<p>Security (Access Control, CCTV) To access Network Control Systems which offer greater security and control in restricted areas. Characteristics: One or more terminals to which scanners will be connected where personnel introduce their card to open a door or barrier. Access is granted via magnetic band cards or proximity cards. According to the model, the [&hellip;]<\/p>\n","protected":false},"author":2,"featured_media":0,"parent":0,"menu_order":0,"comment_status":"closed","ping_status":"closed","template":"","meta":{"site-sidebar-layout":"no-sidebar","site-content-layout":"","ast-site-content-layout":"full-width-container","site-content-style":"default","site-sidebar-style":"default","ast-global-header-display":"","ast-banner-title-visibility":"","ast-main-header-display":"","ast-hfb-above-header-display":"","ast-hfb-below-header-display":"","ast-hfb-mobile-header-display":"","site-post-title":"disabled","ast-breadcrumbs-content":"","ast-featured-img":"disabled","footer-sml-layout":"","ast-disable-related-posts":"","theme-transparent-header-meta":"default","adv-header-id-meta":"","stick-header-meta":"","header-above-stick-meta":"","header-main-stick-meta":"","header-below-stick-meta":"","astra-migrate-meta-layouts":"set","ast-page-background-enabled":"default","ast-page-background-meta":{"desktop":{"background-color":"var(--ast-global-color-4)","background-image":"","background-repeat":"repeat","background-position":"center center","background-size":"auto","background-attachment":"scroll","background-type":"","background-media":"","overlay-type":"","overlay-color":"","overlay-opacity":"","overlay-gradient":""},"tablet":{"background-color":"","background-image":"","background-repeat":"repeat","background-position":"center center","background-size":"auto","background-attachment":"scroll","background-type":"","background-media":"","overlay-type":"","overlay-color":"","overlay-opacity":"","overlay-gradient":""},"mobile":{"background-color":"","background-image":"","background-repeat":"repeat","background-position":"center center","background-size":"auto","background-attachment":"scroll","background-type":"","background-media":"","overlay-type":"","overlay-color":"","overlay-opacity":"","overlay-gradient":""}},"ast-content-background-meta":{"desktop":{"background-color":"var(--ast-global-color-5)","background-image":"","background-repeat":"repeat","background-position":"center center","background-size":"auto","background-attachment":"scroll","background-type":"","background-media":"","overlay-type":"","overlay-color":"","overlay-opacity":"","overlay-gradient":""},"tablet":{"background-color":"var(--ast-global-color-5)","background-image":"","background-repeat":"repeat","background-position":"center center","background-size":"auto","background-attachment":"scroll","background-type":"","background-media":"","overlay-type":"","overlay-color":"","overlay-opacity":"","overlay-gradient":""},"mobile":{"background-color":"var(--ast-global-color-5)","background-image":"","background-repeat":"repeat","background-position":"center center","background-size":"auto","background-attachment":"scroll","background-type":"","background-media":"","overlay-type":"","overlay-color":"","overlay-opacity":"","overlay-gradient":""}},"footnotes":""},"class_list":["post-203","page","type-page","status-publish","hentry"],"yoast_head":"<!-- This site is optimized with the Yoast SEO Premium plugin v27.4 (Yoast SEO v27.4) - https:\/\/yoast.com\/product\/yoast-seo-premium-wordpress\/ -->\n<title>Security(Access Control ,CCTV) - Open Up<\/title>\n<meta name=\"robots\" content=\"index, follow, max-snippet:-1, max-image-preview:large, max-video-preview:-1\" \/>\n<link rel=\"canonical\" href=\"https:\/\/www.openup.es\/es\/securityaccess-control-cctv\/\" \/>\n<meta property=\"og:locale\" content=\"es_ES\" \/>\n<meta property=\"og:type\" content=\"article\" \/>\n<meta property=\"og:title\" content=\"Security(Access Control ,CCTV)\" \/>\n<meta property=\"og:description\" content=\"Security (Access Control, CCTV) To access Network Control Systems which offer greater security and control in restricted areas. Characteristics: One or more terminals to which scanners will be connected where personnel introduce their card to open a door or barrier. Access is granted via magnetic band cards or proximity cards. According to the model, the [&hellip;]\" \/>\n<meta property=\"og:url\" content=\"https:\/\/www.openup.es\/es\/securityaccess-control-cctv\/\" \/>\n<meta property=\"og:site_name\" content=\"Open Up\" \/>\n<meta property=\"article:publisher\" content=\"https:\/\/www.facebook.com\/openup.es\" \/>\n<meta property=\"article:modified_time\" content=\"2024-12-18T09:10:37+00:00\" \/>\n<meta property=\"og:image\" content=\"https:\/\/www.openup.es\/wp-content\/uploads\/2024\/01\/a13211b129.jpg\" \/>\n<meta name=\"twitter:card\" content=\"summary_large_image\" \/>\n<meta name=\"twitter:site\" content=\"@OpenUp\" \/>\n<meta name=\"twitter:label1\" content=\"Tiempo de lectura\" \/>\n\t<meta name=\"twitter:data1\" content=\"1 minuto\" \/>\n<script type=\"application\/ld+json\" class=\"yoast-schema-graph\">{\"@context\":\"https:\\\/\\\/schema.org\",\"@graph\":[{\"@type\":\"WebPage\",\"@id\":\"https:\\\/\\\/www.openup.es\\\/securityaccess-control-cctv\\\/\",\"url\":\"https:\\\/\\\/www.openup.es\\\/securityaccess-control-cctv\\\/\",\"name\":\"Security(Access Control ,CCTV) - Open Up\",\"isPartOf\":{\"@id\":\"https:\\\/\\\/www.openup.es\\\/es\\\/#website\"},\"primaryImageOfPage\":{\"@id\":\"https:\\\/\\\/www.openup.es\\\/securityaccess-control-cctv\\\/#primaryimage\"},\"image\":{\"@id\":\"https:\\\/\\\/www.openup.es\\\/securityaccess-control-cctv\\\/#primaryimage\"},\"thumbnailUrl\":\"https:\\\/\\\/www.openup.es\\\/wp-content\\\/uploads\\\/2024\\\/01\\\/a13211b129.jpg\",\"datePublished\":\"2023-12-26T10:01:23+00:00\",\"dateModified\":\"2024-12-18T09:10:37+00:00\",\"breadcrumb\":{\"@id\":\"https:\\\/\\\/www.openup.es\\\/securityaccess-control-cctv\\\/#breadcrumb\"},\"inLanguage\":\"es\",\"potentialAction\":[{\"@type\":\"ReadAction\",\"target\":[\"https:\\\/\\\/www.openup.es\\\/securityaccess-control-cctv\\\/\"]}]},{\"@type\":\"ImageObject\",\"inLanguage\":\"es\",\"@id\":\"https:\\\/\\\/www.openup.es\\\/securityaccess-control-cctv\\\/#primaryimage\",\"url\":\"https:\\\/\\\/www.openup.es\\\/wp-content\\\/uploads\\\/2024\\\/01\\\/a13211b129.jpg\",\"contentUrl\":\"https:\\\/\\\/www.openup.es\\\/wp-content\\\/uploads\\\/2024\\\/01\\\/a13211b129.jpg\"},{\"@type\":\"BreadcrumbList\",\"@id\":\"https:\\\/\\\/www.openup.es\\\/securityaccess-control-cctv\\\/#breadcrumb\",\"itemListElement\":[{\"@type\":\"ListItem\",\"position\":1,\"name\":\"Portada\",\"item\":\"https:\\\/\\\/www.openup.es\\\/\"},{\"@type\":\"ListItem\",\"position\":2,\"name\":\"Security(Access Control ,CCTV)\"}]},{\"@type\":\"WebSite\",\"@id\":\"https:\\\/\\\/www.openup.es\\\/es\\\/#website\",\"url\":\"https:\\\/\\\/www.openup.es\\\/es\\\/\",\"name\":\"Open Up\",\"description\":\"Soluciones Y Servicios Integrales En Centro De Datos\",\"publisher\":{\"@id\":\"https:\\\/\\\/www.openup.es\\\/es\\\/#organization\"},\"potentialAction\":[{\"@type\":\"SearchAction\",\"target\":{\"@type\":\"EntryPoint\",\"urlTemplate\":\"https:\\\/\\\/www.openup.es\\\/es\\\/?s={search_term_string}\"},\"query-input\":{\"@type\":\"PropertyValueSpecification\",\"valueRequired\":true,\"valueName\":\"search_term_string\"}}],\"inLanguage\":\"es\"},{\"@type\":\"Organization\",\"@id\":\"https:\\\/\\\/www.openup.es\\\/es\\\/#organization\",\"name\":\"Open Up\",\"url\":\"https:\\\/\\\/www.openup.es\\\/es\\\/\",\"logo\":{\"@type\":\"ImageObject\",\"inLanguage\":\"es\",\"@id\":\"https:\\\/\\\/www.openup.es\\\/es\\\/#\\\/schema\\\/logo\\\/image\\\/\",\"url\":\"https:\\\/\\\/www.openup.es\\\/wp-content\\\/uploads\\\/2023\\\/12\\\/title-1.webp\",\"contentUrl\":\"https:\\\/\\\/www.openup.es\\\/wp-content\\\/uploads\\\/2023\\\/12\\\/title-1.webp\",\"width\":207,\"height\":80,\"caption\":\"Open Up\"},\"image\":{\"@id\":\"https:\\\/\\\/www.openup.es\\\/es\\\/#\\\/schema\\\/logo\\\/image\\\/\"},\"sameAs\":[\"https:\\\/\\\/www.facebook.com\\\/openup.es\",\"https:\\\/\\\/x.com\\\/OpenUp\",\"https:\\\/\\\/www.linkedin.com\\\/company\\\/5022740\\\/admin\\\/feed\\\/posts\\\/\",\"https:\\\/\\\/www.youtube.com\\\/@openup474\\\/videos\"]}]}<\/script>\n<!-- \/ Yoast SEO Premium plugin. -->","yoast_head_json":{"title":"Security(Access Control ,CCTV) - Open Up","robots":{"index":"index","follow":"follow","max-snippet":"max-snippet:-1","max-image-preview":"max-image-preview:large","max-video-preview":"max-video-preview:-1"},"canonical":"https:\/\/www.openup.es\/es\/securityaccess-control-cctv\/","og_locale":"es_ES","og_type":"article","og_title":"Security(Access Control ,CCTV)","og_description":"Security (Access Control, CCTV) To access Network Control Systems which offer greater security and control in restricted areas. Characteristics: One or more terminals to which scanners will be connected where personnel introduce their card to open a door or barrier. Access is granted via magnetic band cards or proximity cards. According to the model, the [&hellip;]","og_url":"https:\/\/www.openup.es\/es\/securityaccess-control-cctv\/","og_site_name":"Open Up","article_publisher":"https:\/\/www.facebook.com\/openup.es","article_modified_time":"2024-12-18T09:10:37+00:00","og_image":[{"url":"https:\/\/www.openup.es\/wp-content\/uploads\/2024\/01\/a13211b129.jpg","type":"","width":"","height":""}],"twitter_card":"summary_large_image","twitter_site":"@OpenUp","twitter_misc":{"Tiempo de lectura":"1 minuto"},"schema":{"@context":"https:\/\/schema.org","@graph":[{"@type":"WebPage","@id":"https:\/\/www.openup.es\/securityaccess-control-cctv\/","url":"https:\/\/www.openup.es\/securityaccess-control-cctv\/","name":"Security(Access Control ,CCTV) - Open Up","isPartOf":{"@id":"https:\/\/www.openup.es\/es\/#website"},"primaryImageOfPage":{"@id":"https:\/\/www.openup.es\/securityaccess-control-cctv\/#primaryimage"},"image":{"@id":"https:\/\/www.openup.es\/securityaccess-control-cctv\/#primaryimage"},"thumbnailUrl":"https:\/\/www.openup.es\/wp-content\/uploads\/2024\/01\/a13211b129.jpg","datePublished":"2023-12-26T10:01:23+00:00","dateModified":"2024-12-18T09:10:37+00:00","breadcrumb":{"@id":"https:\/\/www.openup.es\/securityaccess-control-cctv\/#breadcrumb"},"inLanguage":"es","potentialAction":[{"@type":"ReadAction","target":["https:\/\/www.openup.es\/securityaccess-control-cctv\/"]}]},{"@type":"ImageObject","inLanguage":"es","@id":"https:\/\/www.openup.es\/securityaccess-control-cctv\/#primaryimage","url":"https:\/\/www.openup.es\/wp-content\/uploads\/2024\/01\/a13211b129.jpg","contentUrl":"https:\/\/www.openup.es\/wp-content\/uploads\/2024\/01\/a13211b129.jpg"},{"@type":"BreadcrumbList","@id":"https:\/\/www.openup.es\/securityaccess-control-cctv\/#breadcrumb","itemListElement":[{"@type":"ListItem","position":1,"name":"Portada","item":"https:\/\/www.openup.es\/"},{"@type":"ListItem","position":2,"name":"Security(Access Control ,CCTV)"}]},{"@type":"WebSite","@id":"https:\/\/www.openup.es\/es\/#website","url":"https:\/\/www.openup.es\/es\/","name":"Open Up","description":"Soluciones Y Servicios Integrales En Centro De Datos","publisher":{"@id":"https:\/\/www.openup.es\/es\/#organization"},"potentialAction":[{"@type":"SearchAction","target":{"@type":"EntryPoint","urlTemplate":"https:\/\/www.openup.es\/es\/?s={search_term_string}"},"query-input":{"@type":"PropertyValueSpecification","valueRequired":true,"valueName":"search_term_string"}}],"inLanguage":"es"},{"@type":"Organization","@id":"https:\/\/www.openup.es\/es\/#organization","name":"Open Up","url":"https:\/\/www.openup.es\/es\/","logo":{"@type":"ImageObject","inLanguage":"es","@id":"https:\/\/www.openup.es\/es\/#\/schema\/logo\/image\/","url":"https:\/\/www.openup.es\/wp-content\/uploads\/2023\/12\/title-1.webp","contentUrl":"https:\/\/www.openup.es\/wp-content\/uploads\/2023\/12\/title-1.webp","width":207,"height":80,"caption":"Open Up"},"image":{"@id":"https:\/\/www.openup.es\/es\/#\/schema\/logo\/image\/"},"sameAs":["https:\/\/www.facebook.com\/openup.es","https:\/\/x.com\/OpenUp","https:\/\/www.linkedin.com\/company\/5022740\/admin\/feed\/posts\/","https:\/\/www.youtube.com\/@openup474\/videos"]}]}},"_links":{"self":[{"href":"https:\/\/www.openup.es\/es\/wp-json\/wp\/v2\/pages\/203","targetHints":{"allow":["GET"]}}],"collection":[{"href":"https:\/\/www.openup.es\/es\/wp-json\/wp\/v2\/pages"}],"about":[{"href":"https:\/\/www.openup.es\/es\/wp-json\/wp\/v2\/types\/page"}],"author":[{"embeddable":true,"href":"https:\/\/www.openup.es\/es\/wp-json\/wp\/v2\/users\/2"}],"replies":[{"embeddable":true,"href":"https:\/\/www.openup.es\/es\/wp-json\/wp\/v2\/comments?post=203"}],"version-history":[{"count":37,"href":"https:\/\/www.openup.es\/es\/wp-json\/wp\/v2\/pages\/203\/revisions"}],"predecessor-version":[{"id":1253,"href":"https:\/\/www.openup.es\/es\/wp-json\/wp\/v2\/pages\/203\/revisions\/1253"}],"wp:attachment":[{"href":"https:\/\/www.openup.es\/es\/wp-json\/wp\/v2\/media?parent=203"}],"curies":[{"name":"wp","href":"https:\/\/api.w.org\/{rel}","templated":true}]}}