{"id":201,"date":"2023-12-26T10:00:39","date_gmt":"2023-12-26T10:00:39","guid":{"rendered":"https:\/\/www.openup.es\/?page_id=201"},"modified":"2024-12-18T09:11:02","modified_gmt":"2024-12-18T09:11:02","slug":"energy","status":"publish","type":"page","link":"https:\/\/www.openup.es\/es\/energy\/","title":{"rendered":"Instalaciones El\u00e9ctricas"},"content":{"rendered":"<div data-elementor-type=\"wp-page\" data-elementor-id=\"201\" class=\"elementor elementor-201\" data-elementor-post-type=\"page\">\n\t\t\t\t\t\t<section class=\"elementor-section elementor-top-section elementor-element elementor-element-6a264ac elementor-section-boxed elementor-section-height-default elementor-section-height-default\" data-id=\"6a264ac\" data-element_type=\"section\" data-e-type=\"section\">\n\t\t\t\t\t\t<div class=\"elementor-container elementor-column-gap-no\">\n\t\t\t\t\t<div class=\"elementor-column elementor-col-50 elementor-top-column elementor-element elementor-element-79b99ac\" data-id=\"79b99ac\" data-element_type=\"column\" data-e-type=\"column\">\n\t\t\t<div class=\"elementor-widget-wrap elementor-element-populated\">\n\t\t\t\t\t\t<div class=\"elementor-element elementor-element-b30c6bd elementor-invisible elementor-widget elementor-widget-heading\" data-id=\"b30c6bd\" data-element_type=\"widget\" data-e-type=\"widget\" data-settings=\"{&quot;_animation&quot;:&quot;fadeInUp&quot;}\" data-widget_type=\"heading.default\">\n\t\t\t\t<div class=\"elementor-widget-container\">\n\t\t\t\t\t<h2 class=\"elementor-heading-title elementor-size-default\">Instalaciones El\u00e9ctricas<\/h2>\t\t\t\t<\/div>\n\t\t\t\t<\/div>\n\t\t\t\t<div class=\"elementor-element elementor-element-4f3e57b elementor-invisible elementor-widget elementor-widget-image\" data-id=\"4f3e57b\" data-element_type=\"widget\" data-e-type=\"widget\" data-settings=\"{&quot;_animation&quot;:&quot;fadeInUp&quot;}\" data-widget_type=\"image.default\">\n\t\t\t\t<div class=\"elementor-widget-container\">\n\t\t\t\t\t\t\t\t\t\t\t\t\t\t\t<img decoding=\"async\" src=\"https:\/\/www.openup.es\/wp-content\/uploads\/elementor\/thumbs\/34t5t-r0z15e7njbxvt4p97g7v4tsf7wsv11joewal4uoot4.png\" title=\"34t5t\" alt=\"34t5t\" loading=\"lazy\" \/>\t\t\t\t\t\t\t\t\t\t\t\t\t\t\t<\/div>\n\t\t\t\t<\/div>\n\t\t\t\t\t<\/div>\n\t\t<\/div>\n\t\t\t\t<div class=\"elementor-column elementor-col-50 elementor-top-column elementor-element elementor-element-4df1b96\" data-id=\"4df1b96\" data-element_type=\"column\" data-e-type=\"column\">\n\t\t\t<div class=\"elementor-widget-wrap elementor-element-populated\">\n\t\t\t\t\t\t<section class=\"elementor-section elementor-inner-section elementor-element elementor-element-fc1523f elementor-section-boxed elementor-section-height-default elementor-section-height-default\" data-id=\"fc1523f\" data-element_type=\"section\" data-e-type=\"section\">\n\t\t\t\t\t\t<div class=\"elementor-container elementor-column-gap-no\">\n\t\t\t\t\t<div class=\"elementor-column elementor-col-100 elementor-inner-column elementor-element elementor-element-672f85a\" data-id=\"672f85a\" data-element_type=\"column\" data-e-type=\"column\">\n\t\t\t<div class=\"elementor-widget-wrap elementor-element-populated\">\n\t\t\t\t\t\t<div class=\"elementor-element elementor-element-6f2725e elementor-invisible elementor-widget elementor-widget-text-editor\" data-id=\"6f2725e\" data-element_type=\"widget\" data-e-type=\"widget\" data-settings=\"{&quot;_animation&quot;:&quot;fadeInUp&quot;}\" data-widget_type=\"text-editor.default\">\n\t\t\t\t<div class=\"elementor-widget-container\">\n\t\t\t\t\t\t\t\t\t<p>Seg\u00fan informaci\u00f3n del Informe de Previsi\u00f3n de la Demanda Energ\u00e9tica, la demanda de Centros de Datos en 2011 fue el 1,2% de la Energ\u00eda Total Mundial. Esta informaci\u00f3n muestra la importancia de una adecuada gesti\u00f3n del Centro de Datos.<\/p><p>La eficiencia energ\u00e9tica es un concepto que utilizan las empresas para medir la eficiencia de sus recursos de infraestructura, equipos inform\u00e1ticos, impacto ambiental y por supuesto su reducci\u00f3n de costes econ\u00f3micos.<\/p><p>A\u00a0<strong>Open Up<\/strong>\u00a0\u00a0No es s\u00f3lo un compromiso: es un desaf\u00edo. Ofrecer el m\u00e1ximo rendimiento con el m\u00ednimo consumo, y contribuir a que la sostenibilidad sea una realidad y no una quimera; es el futuro.<\/p>\t\t\t\t\t\t\t\t<\/div>\n\t\t\t\t<\/div>\n\t\t\t\t<div class=\"elementor-element elementor-element-145ad34 elementor-vertical-align-top elementor-invisible elementor-widget elementor-widget-image-box\" data-id=\"145ad34\" data-element_type=\"widget\" data-e-type=\"widget\" data-settings=\"{&quot;_animation&quot;:&quot;fadeInLeft&quot;}\" data-widget_type=\"image-box.default\">\n\t\t\t\t<div class=\"elementor-widget-container\">\n\t\t\t\t\t<div class=\"elementor-image-box-wrapper\"><div class=\"elementor-image-box-content\"><div class=\"elementor-image-box-title\">El suministro el\u00e9ctrico es un factor clave para el funcionamiento del Centro de Datos. La instalaci\u00f3n el\u00e9ctrica, junto con la climatizaci\u00f3n, suele ser el punto m\u00e1s d\u00e9bil de muchas infraestructuras de Centros de Datos.<\/div><\/div><\/div>\t\t\t\t<\/div>\n\t\t\t\t<\/div>\n\t\t\t\t<div class=\"elementor-element elementor-element-50bd063 elementor-vertical-align-top elementor-invisible elementor-widget elementor-widget-image-box\" data-id=\"50bd063\" data-element_type=\"widget\" data-e-type=\"widget\" data-settings=\"{&quot;_animation&quot;:&quot;fadeInLeft&quot;}\" data-widget_type=\"image-box.default\">\n\t\t\t\t<div class=\"elementor-widget-container\">\n\t\t\t\t\t<div class=\"elementor-image-box-wrapper\"><div class=\"elementor-image-box-content\"><div class=\"elementor-image-box-title\">Trabajamos con todos los est\u00e1ndares de dise\u00f1o de Centros de Datos, asegurando la disponibilidad de los datos y todas las aplicaciones cr\u00edticas.<\/div><\/div><\/div>\t\t\t\t<\/div>\n\t\t\t\t<\/div>\n\t\t\t\t\t<\/div>\n\t\t<\/div>\n\t\t\t\t\t<\/div>\n\t\t<\/section>\n\t\t\t\t\t<\/div>\n\t\t<\/div>\n\t\t\t\t\t<\/div>\n\t\t<\/section>\n\t\t\t\t<\/div>","protected":false},"excerpt":{"rendered":"<p>Energy According to the Energy Demand Forecasting Report information, Data Center demand in 2011 was 1,2% of the World\u2019s Total Energy. This information shows the importance of adequate Data Center management. Energy efficiency is a concept companies use to measure the efficiency of their infrastructure resources, IT equipment, environmental impact and of course their economic [&hellip;]<\/p>\n","protected":false},"author":2,"featured_media":0,"parent":0,"menu_order":0,"comment_status":"closed","ping_status":"closed","template":"","meta":{"site-sidebar-layout":"no-sidebar","site-content-layout":"","ast-site-content-layout":"full-width-container","site-content-style":"default","site-sidebar-style":"default","ast-global-header-display":"","ast-banner-title-visibility":"","ast-main-header-display":"","ast-hfb-above-header-display":"","ast-hfb-below-header-display":"","ast-hfb-mobile-header-display":"","site-post-title":"disabled","ast-breadcrumbs-content":"","ast-featured-img":"disabled","footer-sml-layout":"","ast-disable-related-posts":"","theme-transparent-header-meta":"default","adv-header-id-meta":"","stick-header-meta":"","header-above-stick-meta":"","header-main-stick-meta":"","header-below-stick-meta":"","astra-migrate-meta-layouts":"set","ast-page-background-enabled":"default","ast-page-background-meta":{"desktop":{"background-color":"var(--ast-global-color-4)","background-image":"","background-repeat":"repeat","background-position":"center center","background-size":"auto","background-attachment":"scroll","background-type":"","background-media":"","overlay-type":"","overlay-color":"","overlay-opacity":"","overlay-gradient":""},"tablet":{"background-color":"","background-image":"","background-repeat":"repeat","background-position":"center center","background-size":"auto","background-attachment":"scroll","background-type":"","background-media":"","overlay-type":"","overlay-color":"","overlay-opacity":"","overlay-gradient":""},"mobile":{"background-color":"","background-image":"","background-repeat":"repeat","background-position":"center center","background-size":"auto","background-attachment":"scroll","background-type":"","background-media":"","overlay-type":"","overlay-color":"","overlay-opacity":"","overlay-gradient":""}},"ast-content-background-meta":{"desktop":{"background-color":"var(--ast-global-color-5)","background-image":"","background-repeat":"repeat","background-position":"center center","background-size":"auto","background-attachment":"scroll","background-type":"","background-media":"","overlay-type":"","overlay-color":"","overlay-opacity":"","overlay-gradient":""},"tablet":{"background-color":"var(--ast-global-color-5)","background-image":"","background-repeat":"repeat","background-position":"center center","background-size":"auto","background-attachment":"scroll","background-type":"","background-media":"","overlay-type":"","overlay-color":"","overlay-opacity":"","overlay-gradient":""},"mobile":{"background-color":"var(--ast-global-color-5)","background-image":"","background-repeat":"repeat","background-position":"center center","background-size":"auto","background-attachment":"scroll","background-type":"","background-media":"","overlay-type":"","overlay-color":"","overlay-opacity":"","overlay-gradient":""}},"footnotes":""},"class_list":["post-201","page","type-page","status-publish","hentry"],"yoast_head":"<!-- This site is optimized with the Yoast SEO Premium plugin v27.4 (Yoast SEO v27.4) - https:\/\/yoast.com\/product\/yoast-seo-premium-wordpress\/ -->\n<title>Energy - Open Up<\/title>\n<meta name=\"robots\" content=\"index, follow, max-snippet:-1, max-image-preview:large, max-video-preview:-1\" \/>\n<link rel=\"canonical\" href=\"https:\/\/www.openup.es\/es\/energy\/\" \/>\n<meta property=\"og:locale\" content=\"es_ES\" \/>\n<meta property=\"og:type\" content=\"article\" \/>\n<meta property=\"og:title\" content=\"Energy\" \/>\n<meta property=\"og:description\" content=\"Energy According to the Energy Demand Forecasting Report information, Data Center demand in 2011 was 1,2% of the World\u2019s Total Energy. This information shows the importance of adequate Data Center management. Energy efficiency is a concept companies use to measure the efficiency of their infrastructure resources, IT equipment, environmental impact and of course their economic [&hellip;]\" \/>\n<meta property=\"og:url\" content=\"https:\/\/www.openup.es\/es\/energy\/\" \/>\n<meta property=\"og:site_name\" content=\"Open Up\" \/>\n<meta property=\"article:publisher\" content=\"https:\/\/www.facebook.com\/openup.es\" \/>\n<meta property=\"article:modified_time\" content=\"2024-12-18T09:11:02+00:00\" \/>\n<meta property=\"og:image\" content=\"https:\/\/www.openup.es\/wp-content\/uploads\/elementor\/thumbs\/34t5t-qj0neoggxn4hy096evuxwpibu8ag752o7tj8p2pnma.png\" \/>\n<meta name=\"twitter:card\" content=\"summary_large_image\" \/>\n<meta name=\"twitter:site\" content=\"@OpenUp\" \/>\n<meta name=\"twitter:label1\" content=\"Tiempo de lectura\" \/>\n\t<meta name=\"twitter:data1\" content=\"1 minuto\" \/>\n<script type=\"application\/ld+json\" class=\"yoast-schema-graph\">{\"@context\":\"https:\\\/\\\/schema.org\",\"@graph\":[{\"@type\":\"WebPage\",\"@id\":\"https:\\\/\\\/www.openup.es\\\/energy\\\/\",\"url\":\"https:\\\/\\\/www.openup.es\\\/energy\\\/\",\"name\":\"Energy - Open Up\",\"isPartOf\":{\"@id\":\"https:\\\/\\\/www.openup.es\\\/es\\\/#website\"},\"primaryImageOfPage\":{\"@id\":\"https:\\\/\\\/www.openup.es\\\/energy\\\/#primaryimage\"},\"image\":{\"@id\":\"https:\\\/\\\/www.openup.es\\\/energy\\\/#primaryimage\"},\"thumbnailUrl\":\"https:\\\/\\\/www.openup.es\\\/wp-content\\\/uploads\\\/elementor\\\/thumbs\\\/34t5t-qj0neoggxn4hy096evuxwpibu8ag752o7tj8p2pnma.png\",\"datePublished\":\"2023-12-26T10:00:39+00:00\",\"dateModified\":\"2024-12-18T09:11:02+00:00\",\"breadcrumb\":{\"@id\":\"https:\\\/\\\/www.openup.es\\\/energy\\\/#breadcrumb\"},\"inLanguage\":\"es\",\"potentialAction\":[{\"@type\":\"ReadAction\",\"target\":[\"https:\\\/\\\/www.openup.es\\\/energy\\\/\"]}]},{\"@type\":\"ImageObject\",\"inLanguage\":\"es\",\"@id\":\"https:\\\/\\\/www.openup.es\\\/energy\\\/#primaryimage\",\"url\":\"https:\\\/\\\/www.openup.es\\\/wp-content\\\/uploads\\\/elementor\\\/thumbs\\\/34t5t-qj0neoggxn4hy096evuxwpibu8ag752o7tj8p2pnma.png\",\"contentUrl\":\"https:\\\/\\\/www.openup.es\\\/wp-content\\\/uploads\\\/elementor\\\/thumbs\\\/34t5t-qj0neoggxn4hy096evuxwpibu8ag752o7tj8p2pnma.png\"},{\"@type\":\"BreadcrumbList\",\"@id\":\"https:\\\/\\\/www.openup.es\\\/energy\\\/#breadcrumb\",\"itemListElement\":[{\"@type\":\"ListItem\",\"position\":1,\"name\":\"Portada\",\"item\":\"https:\\\/\\\/www.openup.es\\\/\"},{\"@type\":\"ListItem\",\"position\":2,\"name\":\"Energy\"}]},{\"@type\":\"WebSite\",\"@id\":\"https:\\\/\\\/www.openup.es\\\/es\\\/#website\",\"url\":\"https:\\\/\\\/www.openup.es\\\/es\\\/\",\"name\":\"Open Up\",\"description\":\"Soluciones Y Servicios Integrales En Centro De Datos\",\"publisher\":{\"@id\":\"https:\\\/\\\/www.openup.es\\\/es\\\/#organization\"},\"potentialAction\":[{\"@type\":\"SearchAction\",\"target\":{\"@type\":\"EntryPoint\",\"urlTemplate\":\"https:\\\/\\\/www.openup.es\\\/es\\\/?s={search_term_string}\"},\"query-input\":{\"@type\":\"PropertyValueSpecification\",\"valueRequired\":true,\"valueName\":\"search_term_string\"}}],\"inLanguage\":\"es\"},{\"@type\":\"Organization\",\"@id\":\"https:\\\/\\\/www.openup.es\\\/es\\\/#organization\",\"name\":\"Open Up\",\"url\":\"https:\\\/\\\/www.openup.es\\\/es\\\/\",\"logo\":{\"@type\":\"ImageObject\",\"inLanguage\":\"es\",\"@id\":\"https:\\\/\\\/www.openup.es\\\/es\\\/#\\\/schema\\\/logo\\\/image\\\/\",\"url\":\"https:\\\/\\\/www.openup.es\\\/wp-content\\\/uploads\\\/2023\\\/12\\\/title-1.webp\",\"contentUrl\":\"https:\\\/\\\/www.openup.es\\\/wp-content\\\/uploads\\\/2023\\\/12\\\/title-1.webp\",\"width\":207,\"height\":80,\"caption\":\"Open Up\"},\"image\":{\"@id\":\"https:\\\/\\\/www.openup.es\\\/es\\\/#\\\/schema\\\/logo\\\/image\\\/\"},\"sameAs\":[\"https:\\\/\\\/www.facebook.com\\\/openup.es\",\"https:\\\/\\\/x.com\\\/OpenUp\",\"https:\\\/\\\/www.linkedin.com\\\/company\\\/5022740\\\/admin\\\/feed\\\/posts\\\/\",\"https:\\\/\\\/www.youtube.com\\\/@openup474\\\/videos\"]}]}<\/script>\n<!-- \/ Yoast SEO Premium plugin. -->","yoast_head_json":{"title":"Energy - Open Up","robots":{"index":"index","follow":"follow","max-snippet":"max-snippet:-1","max-image-preview":"max-image-preview:large","max-video-preview":"max-video-preview:-1"},"canonical":"https:\/\/www.openup.es\/es\/energy\/","og_locale":"es_ES","og_type":"article","og_title":"Energy","og_description":"Energy According to the Energy Demand Forecasting Report information, Data Center demand in 2011 was 1,2% of the World\u2019s Total Energy. This information shows the importance of adequate Data Center management. Energy efficiency is a concept companies use to measure the efficiency of their infrastructure resources, IT equipment, environmental impact and of course their economic [&hellip;]","og_url":"https:\/\/www.openup.es\/es\/energy\/","og_site_name":"Open Up","article_publisher":"https:\/\/www.facebook.com\/openup.es","article_modified_time":"2024-12-18T09:11:02+00:00","og_image":[{"url":"https:\/\/www.openup.es\/wp-content\/uploads\/elementor\/thumbs\/34t5t-qj0neoggxn4hy096evuxwpibu8ag752o7tj8p2pnma.png","type":"","width":"","height":""}],"twitter_card":"summary_large_image","twitter_site":"@OpenUp","twitter_misc":{"Tiempo de lectura":"1 minuto"},"schema":{"@context":"https:\/\/schema.org","@graph":[{"@type":"WebPage","@id":"https:\/\/www.openup.es\/energy\/","url":"https:\/\/www.openup.es\/energy\/","name":"Energy - Open Up","isPartOf":{"@id":"https:\/\/www.openup.es\/es\/#website"},"primaryImageOfPage":{"@id":"https:\/\/www.openup.es\/energy\/#primaryimage"},"image":{"@id":"https:\/\/www.openup.es\/energy\/#primaryimage"},"thumbnailUrl":"https:\/\/www.openup.es\/wp-content\/uploads\/elementor\/thumbs\/34t5t-qj0neoggxn4hy096evuxwpibu8ag752o7tj8p2pnma.png","datePublished":"2023-12-26T10:00:39+00:00","dateModified":"2024-12-18T09:11:02+00:00","breadcrumb":{"@id":"https:\/\/www.openup.es\/energy\/#breadcrumb"},"inLanguage":"es","potentialAction":[{"@type":"ReadAction","target":["https:\/\/www.openup.es\/energy\/"]}]},{"@type":"ImageObject","inLanguage":"es","@id":"https:\/\/www.openup.es\/energy\/#primaryimage","url":"https:\/\/www.openup.es\/wp-content\/uploads\/elementor\/thumbs\/34t5t-qj0neoggxn4hy096evuxwpibu8ag752o7tj8p2pnma.png","contentUrl":"https:\/\/www.openup.es\/wp-content\/uploads\/elementor\/thumbs\/34t5t-qj0neoggxn4hy096evuxwpibu8ag752o7tj8p2pnma.png"},{"@type":"BreadcrumbList","@id":"https:\/\/www.openup.es\/energy\/#breadcrumb","itemListElement":[{"@type":"ListItem","position":1,"name":"Portada","item":"https:\/\/www.openup.es\/"},{"@type":"ListItem","position":2,"name":"Energy"}]},{"@type":"WebSite","@id":"https:\/\/www.openup.es\/es\/#website","url":"https:\/\/www.openup.es\/es\/","name":"Open Up","description":"Soluciones Y Servicios Integrales En Centro De Datos","publisher":{"@id":"https:\/\/www.openup.es\/es\/#organization"},"potentialAction":[{"@type":"SearchAction","target":{"@type":"EntryPoint","urlTemplate":"https:\/\/www.openup.es\/es\/?s={search_term_string}"},"query-input":{"@type":"PropertyValueSpecification","valueRequired":true,"valueName":"search_term_string"}}],"inLanguage":"es"},{"@type":"Organization","@id":"https:\/\/www.openup.es\/es\/#organization","name":"Open Up","url":"https:\/\/www.openup.es\/es\/","logo":{"@type":"ImageObject","inLanguage":"es","@id":"https:\/\/www.openup.es\/es\/#\/schema\/logo\/image\/","url":"https:\/\/www.openup.es\/wp-content\/uploads\/2023\/12\/title-1.webp","contentUrl":"https:\/\/www.openup.es\/wp-content\/uploads\/2023\/12\/title-1.webp","width":207,"height":80,"caption":"Open Up"},"image":{"@id":"https:\/\/www.openup.es\/es\/#\/schema\/logo\/image\/"},"sameAs":["https:\/\/www.facebook.com\/openup.es","https:\/\/x.com\/OpenUp","https:\/\/www.linkedin.com\/company\/5022740\/admin\/feed\/posts\/","https:\/\/www.youtube.com\/@openup474\/videos"]}]}},"_links":{"self":[{"href":"https:\/\/www.openup.es\/es\/wp-json\/wp\/v2\/pages\/201","targetHints":{"allow":["GET"]}}],"collection":[{"href":"https:\/\/www.openup.es\/es\/wp-json\/wp\/v2\/pages"}],"about":[{"href":"https:\/\/www.openup.es\/es\/wp-json\/wp\/v2\/types\/page"}],"author":[{"embeddable":true,"href":"https:\/\/www.openup.es\/es\/wp-json\/wp\/v2\/users\/2"}],"replies":[{"embeddable":true,"href":"https:\/\/www.openup.es\/es\/wp-json\/wp\/v2\/comments?post=201"}],"version-history":[{"count":16,"href":"https:\/\/www.openup.es\/es\/wp-json\/wp\/v2\/pages\/201\/revisions"}],"predecessor-version":[{"id":4504,"href":"https:\/\/www.openup.es\/es\/wp-json\/wp\/v2\/pages\/201\/revisions\/4504"}],"wp:attachment":[{"href":"https:\/\/www.openup.es\/es\/wp-json\/wp\/v2\/media?parent=201"}],"curies":[{"name":"wp","href":"https:\/\/api.w.org\/{rel}","templated":true}]}}