{"id":195,"date":"2023-12-26T09:59:38","date_gmt":"2023-12-26T09:59:38","guid":{"rendered":"https:\/\/www.openup.es\/?page_id=195"},"modified":"2024-12-18T09:11:01","modified_gmt":"2024-12-18T09:11:01","slug":"critical-relocations","status":"publish","type":"page","link":"https:\/\/www.openup.es\/es\/critical-relocations\/","title":{"rendered":"Traslado de Data Center \u2013 CPD"},"content":{"rendered":"<div data-elementor-type=\"wp-page\" data-elementor-id=\"195\" class=\"elementor elementor-195\" data-elementor-post-type=\"page\">\n\t\t\t\t\t\t<section class=\"elementor-section elementor-top-section elementor-element elementor-element-02cb924 elementor-section-boxed elementor-section-height-default elementor-section-height-default\" data-id=\"02cb924\" data-element_type=\"section\" data-e-type=\"section\">\n\t\t\t\t\t\t<div class=\"elementor-container elementor-column-gap-no\">\n\t\t\t\t\t<div class=\"elementor-column elementor-col-50 elementor-top-column elementor-element elementor-element-2ef3ee5\" data-id=\"2ef3ee5\" data-element_type=\"column\" data-e-type=\"column\" data-settings=\"{&quot;background_background&quot;:&quot;classic&quot;}\">\n\t\t\t<div class=\"elementor-widget-wrap elementor-element-populated\">\n\t\t\t\t\t\t<div class=\"elementor-element elementor-element-c49285d elementor-invisible elementor-widget elementor-widget-button\" data-id=\"c49285d\" data-element_type=\"widget\" data-e-type=\"widget\" data-settings=\"{&quot;_animation&quot;:&quot;fadeInDown&quot;}\" data-widget_type=\"button.default\">\n\t\t\t\t<div class=\"elementor-widget-container\">\n\t\t\t\t\t\t\t\t\t<div class=\"elementor-button-wrapper\">\n\t\t\t\t\t<a class=\"elementor-button elementor-size-sm\" role=\"button\">\n\t\t\t\t\t\t<span class=\"elementor-button-content-wrapper\">\n\t\t\t\t\t\t\t\t\t<span class=\"elementor-button-text\">acerca de<\/span>\n\t\t\t\t\t<\/span>\n\t\t\t\t\t<\/a>\n\t\t\t\t<\/div>\n\t\t\t\t\t\t\t\t<\/div>\n\t\t\t\t<\/div>\n\t\t\t\t<div class=\"elementor-element elementor-element-f7d3b63 elementor-invisible elementor-widget elementor-widget-heading\" data-id=\"f7d3b63\" data-element_type=\"widget\" data-e-type=\"widget\" data-settings=\"{&quot;_animation&quot;:&quot;fadeInUp&quot;}\" data-widget_type=\"heading.default\">\n\t\t\t\t<div class=\"elementor-widget-container\">\n\t\t\t\t\t<h2 class=\"elementor-heading-title elementor-size-default\">Traslado de Data Center\n<\/h2>\t\t\t\t<\/div>\n\t\t\t\t<\/div>\n\t\t\t\t<div class=\"elementor-element elementor-element-3518060 elementor-invisible elementor-widget elementor-widget-text-editor\" data-id=\"3518060\" data-element_type=\"widget\" data-e-type=\"widget\" data-settings=\"{&quot;_animation&quot;:&quot;fadeInUp&quot;}\" data-widget_type=\"text-editor.default\">\n\t\t\t\t<div class=\"elementor-widget-container\">\n\t\t\t\t\t\t\t\t\tPresentamos un servicio, Traslado de Data Center \u2013 CPD, \u00fanico en el mercado, en el que contar\u00e1 con una combinaci\u00f3n eficaz de un Equipo T\u00e9cnico y un Equipo Log\u00edstico para asegurar el \u00e9xito del traslado de los equipos tecnol\u00f3gicos de su negocio.\n\nCada uno de los equipos realiza los trabajos con una alta calidad y compromiso que queda constatada en cada traslado que realiza a sus clientes.\t\t\t\t\t\t\t\t<\/div>\n\t\t\t\t<\/div>\n\t\t\t\t<div class=\"elementor-element elementor-element-8603c28 elementor-invisible elementor-widget elementor-widget-text-editor\" data-id=\"8603c28\" data-element_type=\"widget\" data-e-type=\"widget\" data-settings=\"{&quot;_animation&quot;:&quot;fadeInUp&quot;}\" data-widget_type=\"text-editor.default\">\n\t\t\t\t<div class=\"elementor-widget-container\">\n\t\t\t\t\t\t\t\t\tPara llevar a cabo estas actividades,  Open Up cuenta con una flota de veh\u00edculos especialmente dise\u00f1ados, construidos y equipados para el transporte de estas mercanc\u00edas, con sistemas especiales de anclaje y plataformas elevadoras de gran seguridad y resistencia.\n\nPara la manipulaci\u00f3n de los equipos contamos con elevadores de servidores, robots sube escaleras, tracteles, etc que garantizan que los equipos son tratados con la mayores niveles de seguridad.\n\n\t\t\t\t\t\t\t\t<\/div>\n\t\t\t\t<\/div>\n\t\t\t\t\t<\/div>\n\t\t<\/div>\n\t\t\t\t<div class=\"elementor-column elementor-col-50 elementor-top-column elementor-element elementor-element-328030b\" data-id=\"328030b\" data-element_type=\"column\" data-e-type=\"column\">\n\t\t\t<div class=\"elementor-widget-wrap elementor-element-populated\">\n\t\t\t\t\t\t<div class=\"elementor-element elementor-element-a4ec341 elementor-invisible elementor-widget elementor-widget-image\" data-id=\"a4ec341\" data-element_type=\"widget\" data-e-type=\"widget\" data-settings=\"{&quot;_animation&quot;:&quot;fadeInDown&quot;}\" data-widget_type=\"image.default\">\n\t\t\t\t<div class=\"elementor-widget-container\">\n\t\t\t\t\t\t\t\t\t\t\t\t\t\t\t<img fetchpriority=\"high\" decoding=\"async\" width=\"679\" height=\"447\" src=\"https:\/\/www.openup.es\/wp-content\/uploads\/2024\/01\/5t4.png\" class=\"attachment-full size-full wp-image-1209\" alt=\"\" srcset=\"https:\/\/www.openup.es\/wp-content\/uploads\/2024\/01\/5t4.png 679w, https:\/\/www.openup.es\/wp-content\/uploads\/2024\/01\/5t4-300x197.png 300w, https:\/\/www.openup.es\/wp-content\/uploads\/2024\/01\/5t4-18x12.png 18w\" sizes=\"(max-width: 679px) 100vw, 679px\" \/>\t\t\t\t\t\t\t\t\t\t\t\t\t\t\t<\/div>\n\t\t\t\t<\/div>\n\t\t\t\t\t<\/div>\n\t\t<\/div>\n\t\t\t\t\t<\/div>\n\t\t<\/section>\n\t\t\t\t<section class=\"elementor-section elementor-top-section elementor-element elementor-element-21db3af elementor-section-boxed elementor-section-height-default elementor-section-height-default elementor-invisible\" data-id=\"21db3af\" data-element_type=\"section\" data-e-type=\"section\" data-settings=\"{&quot;animation&quot;:&quot;fadeIn&quot;}\">\n\t\t\t\t\t\t<div class=\"elementor-container elementor-column-gap-default\">\n\t\t\t\t\t<div class=\"elementor-column elementor-col-33 elementor-top-column elementor-element elementor-element-d9e2115\" data-id=\"d9e2115\" data-element_type=\"column\" data-e-type=\"column\" data-settings=\"{&quot;background_background&quot;:&quot;classic&quot;}\">\n\t\t\t<div class=\"elementor-widget-wrap elementor-element-populated\">\n\t\t\t\t\t<div class=\"elementor-background-overlay\"><\/div>\n\t\t\t\t\t\t<div class=\"elementor-element elementor-element-862f448 elementor-widget elementor-widget-text-editor\" data-id=\"862f448\" data-element_type=\"widget\" data-e-type=\"widget\" data-widget_type=\"text-editor.default\">\n\t\t\t\t<div class=\"elementor-widget-container\">\n\t\t\t\t\t\t\t\t\tRealizamos la gesti\u00f3n de permisos (utilizaci\u00f3n de medios mec\u00e1nicos especiales, cortes de tr\u00e1fico, obra civil, etc\u2026), contamos con los medios y el personal cualificado y especializado necesarios para ello.\n\n\t\t\t\t\t\t\t\t<\/div>\n\t\t\t\t<\/div>\n\t\t\t\t\t<\/div>\n\t\t<\/div>\n\t\t\t\t<div class=\"elementor-column elementor-col-33 elementor-top-column elementor-element elementor-element-806aa5c\" data-id=\"806aa5c\" data-element_type=\"column\" data-e-type=\"column\" data-settings=\"{&quot;background_background&quot;:&quot;classic&quot;}\">\n\t\t\t<div class=\"elementor-widget-wrap elementor-element-populated\">\n\t\t\t\t\t<div class=\"elementor-background-overlay\"><\/div>\n\t\t\t\t\t\t<div class=\"elementor-element elementor-element-92dadeb elementor-widget elementor-widget-text-editor\" data-id=\"92dadeb\" data-element_type=\"widget\" data-e-type=\"widget\" data-widget_type=\"text-editor.default\">\n\t\t\t\t<div class=\"elementor-widget-container\">\n\t\t\t\t\t\t\t\t\tEl equipo t\u00e9cnico cuenta con una gran experiencia en el Traslado de Data Centers \u2013 CPD (Centros de Procesos de Datos) llev\u00e1ndolos a cabo por fases o completos.\n\n\t\t\t\t\t\t\t\t<\/div>\n\t\t\t\t<\/div>\n\t\t\t\t\t<\/div>\n\t\t<\/div>\n\t\t\t\t<div class=\"elementor-column elementor-col-33 elementor-top-column elementor-element elementor-element-92adcb9\" data-id=\"92adcb9\" data-element_type=\"column\" data-e-type=\"column\" data-settings=\"{&quot;background_background&quot;:&quot;classic&quot;}\">\n\t\t\t<div class=\"elementor-widget-wrap elementor-element-populated\">\n\t\t\t\t\t<div class=\"elementor-background-overlay\"><\/div>\n\t\t\t\t\t\t<div class=\"elementor-element elementor-element-1937485 elementor-widget elementor-widget-text-editor\" data-id=\"1937485\" data-element_type=\"widget\" data-e-type=\"widget\" data-widget_type=\"text-editor.default\">\n\t\t\t\t<div class=\"elementor-widget-container\">\n\t\t\t\t\t\t\t\t\tNuestras operaciones llevan un seguimiento inform\u00e1tico de apertura, actualizaci\u00f3n y cierre de incidentes para que nuestros clientes est\u00e9n totalmente informados del estado de sus traslados.\t\t\t\t\t\t\t\t<\/div>\n\t\t\t\t<\/div>\n\t\t\t\t\t<\/div>\n\t\t<\/div>\n\t\t\t\t\t<\/div>\n\t\t<\/section>\n\t\t<div class=\"elementor-element elementor-element-84d9356 e-flex e-con-boxed e-con e-parent\" data-id=\"84d9356\" data-element_type=\"container\" data-e-type=\"container\">\n\t\t\t\t\t<div class=\"e-con-inner\">\n\t\t\t\t<div class=\"elementor-element elementor-element-a048651 elementor-arrows-position-inside elementor-widget elementor-widget-image-carousel\" data-id=\"a048651\" data-element_type=\"widget\" data-e-type=\"widget\" data-settings=\"{&quot;slides_to_show&quot;:&quot;5&quot;,&quot;slides_to_scroll&quot;:&quot;2&quot;,&quot;navigation&quot;:&quot;arrows&quot;,&quot;autoplay&quot;:&quot;yes&quot;,&quot;pause_on_hover&quot;:&quot;yes&quot;,&quot;pause_on_interaction&quot;:&quot;yes&quot;,&quot;autoplay_speed&quot;:5000,&quot;infinite&quot;:&quot;yes&quot;,&quot;speed&quot;:500}\" data-widget_type=\"image-carousel.default\">\n\t\t\t\t<div class=\"elementor-widget-container\">\n\t\t\t\t\t\t\t<div class=\"elementor-image-carousel-wrapper swiper\" role=\"region\" aria-roledescription=\"carousel\" aria-label=\"Carrusel de im\u00e1genes\" dir=\"ltr\">\n\t\t\t<div class=\"elementor-image-carousel swiper-wrapper\" aria-live=\"off\">\n\t\t\t\t\t\t\t\t<div class=\"swiper-slide\" role=\"group\" aria-roledescription=\"slide\" aria-label=\"1 de 6\" data-no-translation-aria-label=\"\"><figure class=\"swiper-slide-inner\"><img decoding=\"async\" class=\"swiper-slide-image\" src=\"https:\/\/www.openup.es\/wp-content\/uploads\/2023\/12\/Rack-150x150-2.webp\" alt=\"Rack-150x150-2\" \/><\/figure><\/div><div class=\"swiper-slide\" role=\"group\" aria-roledescription=\"slide\" aria-label=\"2 de 6\" data-no-translation-aria-label=\"\"><figure class=\"swiper-slide-inner\"><img decoding=\"async\" class=\"swiper-slide-image\" src=\"https:\/\/www.openup.es\/wp-content\/uploads\/2023\/12\/Equipos-150x150-2.webp\" alt=\"Equipos-150x150-2\" \/><\/figure><\/div><div class=\"swiper-slide\" role=\"group\" aria-roledescription=\"slide\" aria-label=\"3 de 6\" data-no-translation-aria-label=\"\"><figure class=\"swiper-slide-inner\"><img decoding=\"async\" class=\"swiper-slide-image\" src=\"https:\/\/www.openup.es\/wp-content\/uploads\/2023\/12\/Server-2.webp\" alt=\"Server-2\" \/><\/figure><\/div><div class=\"swiper-slide\" role=\"group\" aria-roledescription=\"slide\" aria-label=\"4 de 6\" data-no-translation-aria-label=\"\"><figure class=\"swiper-slide-inner\"><img decoding=\"async\" class=\"swiper-slide-image\" src=\"https:\/\/www.openup.es\/wp-content\/uploads\/2023\/12\/Switches-150x150-2.webp\" alt=\"Switches-150x150-2\" \/><\/figure><\/div><div class=\"swiper-slide\" role=\"group\" aria-roledescription=\"slide\" aria-label=\"5 de 6\" data-no-translation-aria-label=\"\"><figure class=\"swiper-slide-inner\"><img decoding=\"async\" class=\"swiper-slide-image\" src=\"https:\/\/www.openup.es\/wp-content\/uploads\/2023\/12\/Cabinas-150x150-2.webp\" alt=\"Cabinas-150x150-2\" \/><\/figure><\/div><div class=\"swiper-slide\" role=\"group\" aria-roledescription=\"slide\" aria-label=\"6 de 6\" data-no-translation-aria-label=\"\"><figure class=\"swiper-slide-inner\"><img decoding=\"async\" class=\"swiper-slide-image\" src=\"https:\/\/www.openup.es\/wp-content\/uploads\/2023\/12\/Caja-150x150-2.webp\" alt=\"Caja-150x150-2\" \/><\/figure><\/div>\t\t\t<\/div>\n\t\t\t\t\t\t\t\t\t\t\t\t<div class=\"elementor-swiper-button elementor-swiper-button-prev\" role=\"button\" tabindex=\"0\">\n\t\t\t\t\t\t<svg aria-hidden=\"true\" class=\"e-font-icon-svg e-eicon-chevron-left\" viewbox=\"0 0 1000 1000\" xmlns=\"http:\/\/www.w3.org\/2000\/svg\"><path d=\"M646 125C629 125 613 133 604 142L308 442C296 454 292 471 292 487 292 504 296 521 308 533L604 854C617 867 629 875 646 875 663 875 679 871 692 858 704 846 713 829 713 812 713 796 708 779 692 767L438 487 692 225C700 217 708 204 708 187 708 171 704 154 692 142 675 129 663 125 646 125Z\"><\/path><\/svg>\t\t\t\t\t<\/div>\n\t\t\t\t\t<div class=\"elementor-swiper-button elementor-swiper-button-next\" role=\"button\" tabindex=\"0\">\n\t\t\t\t\t\t<svg aria-hidden=\"true\" class=\"e-font-icon-svg e-eicon-chevron-right\" viewbox=\"0 0 1000 1000\" xmlns=\"http:\/\/www.w3.org\/2000\/svg\"><path d=\"M696 533C708 521 713 504 713 487 713 471 708 454 696 446L400 146C388 133 375 125 354 125 338 125 325 129 313 142 300 154 292 171 292 187 292 204 296 221 308 233L563 492 304 771C292 783 288 800 288 817 288 833 296 850 308 863 321 871 338 875 354 875 371 875 388 867 400 854L696 533Z\"><\/path><\/svg>\t\t\t\t\t<\/div>\n\t\t\t\t\n\t\t\t\t\t\t\t\t\t<\/div>\n\t\t\t\t\t\t<\/div>\n\t\t\t\t<\/div>\n\t\t\t\t\t<\/div>\n\t\t\t\t<\/div>\n\t\t\t\t<\/div>","protected":false},"excerpt":{"rendered":"<p>about Critical Systems Transfer We offer a unique service in the market for our customers technological equipment transfer which effectively combines a Technical Team and a Logistic Team. Each team carries out their tasks to a high standard and commitment which is underlined during any move carried out for our customersIn order to carry out [&hellip;]<\/p>\n","protected":false},"author":2,"featured_media":0,"parent":0,"menu_order":0,"comment_status":"closed","ping_status":"closed","template":"","meta":{"site-sidebar-layout":"no-sidebar","site-content-layout":"","ast-site-content-layout":"full-width-container","site-content-style":"default","site-sidebar-style":"default","ast-global-header-display":"","ast-banner-title-visibility":"","ast-main-header-display":"","ast-hfb-above-header-display":"","ast-hfb-below-header-display":"","ast-hfb-mobile-header-display":"","site-post-title":"disabled","ast-breadcrumbs-content":"","ast-featured-img":"disabled","footer-sml-layout":"","ast-disable-related-posts":"","theme-transparent-header-meta":"default","adv-header-id-meta":"","stick-header-meta":"","header-above-stick-meta":"","header-main-stick-meta":"","header-below-stick-meta":"","astra-migrate-meta-layouts":"set","ast-page-background-enabled":"default","ast-page-background-meta":{"desktop":{"background-color":"var(--ast-global-color-4)","background-image":"","background-repeat":"repeat","background-position":"center center","background-size":"auto","background-attachment":"scroll","background-type":"","background-media":"","overlay-type":"","overlay-color":"","overlay-opacity":"","overlay-gradient":""},"tablet":{"background-color":"","background-image":"","background-repeat":"repeat","background-position":"center center","background-size":"auto","background-attachment":"scroll","background-type":"","background-media":"","overlay-type":"","overlay-color":"","overlay-opacity":"","overlay-gradient":""},"mobile":{"background-color":"","background-image":"","background-repeat":"repeat","background-position":"center center","background-size":"auto","background-attachment":"scroll","background-type":"","background-media":"","overlay-type":"","overlay-color":"","overlay-opacity":"","overlay-gradient":""}},"ast-content-background-meta":{"desktop":{"background-color":"var(--ast-global-color-5)","background-image":"","background-repeat":"repeat","background-position":"center center","background-size":"auto","background-attachment":"scroll","background-type":"","background-media":"","overlay-type":"","overlay-color":"","overlay-opacity":"","overlay-gradient":""},"tablet":{"background-color":"var(--ast-global-color-5)","background-image":"","background-repeat":"repeat","background-position":"center center","background-size":"auto","background-attachment":"scroll","background-type":"","background-media":"","overlay-type":"","overlay-color":"","overlay-opacity":"","overlay-gradient":""},"mobile":{"background-color":"var(--ast-global-color-5)","background-image":"","background-repeat":"repeat","background-position":"center center","background-size":"auto","background-attachment":"scroll","background-type":"","background-media":"","overlay-type":"","overlay-color":"","overlay-opacity":"","overlay-gradient":""}},"footnotes":""},"class_list":["post-195","page","type-page","status-publish","hentry"],"yoast_head":"<!-- This site is optimized with the Yoast SEO Premium plugin v27.4 (Yoast SEO v27.4) - https:\/\/yoast.com\/product\/yoast-seo-premium-wordpress\/ -->\n<title>Critical Relocations - Open Up<\/title>\n<meta name=\"robots\" content=\"index, follow, max-snippet:-1, max-image-preview:large, max-video-preview:-1\" \/>\n<link rel=\"canonical\" href=\"https:\/\/www.openup.es\/es\/critical-relocations\/\" \/>\n<meta property=\"og:locale\" content=\"es_ES\" \/>\n<meta property=\"og:type\" content=\"article\" \/>\n<meta property=\"og:title\" content=\"Critical Relocations\" \/>\n<meta property=\"og:description\" content=\"about Critical Systems Transfer We offer a unique service in the market for our customers technological equipment transfer which effectively combines a Technical Team and a Logistic Team. Each team carries out their tasks to a high standard and commitment which is underlined during any move carried out for our customersIn order to carry out [&hellip;]\" \/>\n<meta property=\"og:url\" content=\"https:\/\/www.openup.es\/es\/critical-relocations\/\" \/>\n<meta property=\"og:site_name\" content=\"Open Up\" \/>\n<meta property=\"article:publisher\" content=\"https:\/\/www.facebook.com\/openup.es\" \/>\n<meta property=\"article:modified_time\" content=\"2024-12-18T09:11:01+00:00\" \/>\n<meta property=\"og:image\" content=\"https:\/\/www.openup.es\/wp-content\/uploads\/2024\/01\/5t4.png\" \/>\n<meta name=\"twitter:card\" content=\"summary_large_image\" \/>\n<meta name=\"twitter:site\" content=\"@OpenUp\" \/>\n<meta name=\"twitter:label1\" content=\"Tiempo de lectura\" \/>\n\t<meta name=\"twitter:data1\" content=\"1 minuto\" \/>\n<script type=\"application\/ld+json\" class=\"yoast-schema-graph\">{\"@context\":\"https:\\\/\\\/schema.org\",\"@graph\":[{\"@type\":\"WebPage\",\"@id\":\"https:\\\/\\\/www.openup.es\\\/critical-relocations\\\/\",\"url\":\"https:\\\/\\\/www.openup.es\\\/critical-relocations\\\/\",\"name\":\"Critical Relocations - Open Up\",\"isPartOf\":{\"@id\":\"https:\\\/\\\/www.openup.es\\\/es\\\/#website\"},\"primaryImageOfPage\":{\"@id\":\"https:\\\/\\\/www.openup.es\\\/critical-relocations\\\/#primaryimage\"},\"image\":{\"@id\":\"https:\\\/\\\/www.openup.es\\\/critical-relocations\\\/#primaryimage\"},\"thumbnailUrl\":\"https:\\\/\\\/www.openup.es\\\/wp-content\\\/uploads\\\/2024\\\/01\\\/5t4.png\",\"datePublished\":\"2023-12-26T09:59:38+00:00\",\"dateModified\":\"2024-12-18T09:11:01+00:00\",\"breadcrumb\":{\"@id\":\"https:\\\/\\\/www.openup.es\\\/critical-relocations\\\/#breadcrumb\"},\"inLanguage\":\"es\",\"potentialAction\":[{\"@type\":\"ReadAction\",\"target\":[\"https:\\\/\\\/www.openup.es\\\/critical-relocations\\\/\"]}]},{\"@type\":\"ImageObject\",\"inLanguage\":\"es\",\"@id\":\"https:\\\/\\\/www.openup.es\\\/critical-relocations\\\/#primaryimage\",\"url\":\"https:\\\/\\\/www.openup.es\\\/wp-content\\\/uploads\\\/2024\\\/01\\\/5t4.png\",\"contentUrl\":\"https:\\\/\\\/www.openup.es\\\/wp-content\\\/uploads\\\/2024\\\/01\\\/5t4.png\"},{\"@type\":\"BreadcrumbList\",\"@id\":\"https:\\\/\\\/www.openup.es\\\/critical-relocations\\\/#breadcrumb\",\"itemListElement\":[{\"@type\":\"ListItem\",\"position\":1,\"name\":\"Portada\",\"item\":\"https:\\\/\\\/www.openup.es\\\/\"},{\"@type\":\"ListItem\",\"position\":2,\"name\":\"Critical Relocations\"}]},{\"@type\":\"WebSite\",\"@id\":\"https:\\\/\\\/www.openup.es\\\/es\\\/#website\",\"url\":\"https:\\\/\\\/www.openup.es\\\/es\\\/\",\"name\":\"Open Up\",\"description\":\"Soluciones Y Servicios Integrales En Centro De Datos\",\"publisher\":{\"@id\":\"https:\\\/\\\/www.openup.es\\\/es\\\/#organization\"},\"potentialAction\":[{\"@type\":\"SearchAction\",\"target\":{\"@type\":\"EntryPoint\",\"urlTemplate\":\"https:\\\/\\\/www.openup.es\\\/es\\\/?s={search_term_string}\"},\"query-input\":{\"@type\":\"PropertyValueSpecification\",\"valueRequired\":true,\"valueName\":\"search_term_string\"}}],\"inLanguage\":\"es\"},{\"@type\":\"Organization\",\"@id\":\"https:\\\/\\\/www.openup.es\\\/es\\\/#organization\",\"name\":\"Open Up\",\"url\":\"https:\\\/\\\/www.openup.es\\\/es\\\/\",\"logo\":{\"@type\":\"ImageObject\",\"inLanguage\":\"es\",\"@id\":\"https:\\\/\\\/www.openup.es\\\/es\\\/#\\\/schema\\\/logo\\\/image\\\/\",\"url\":\"https:\\\/\\\/www.openup.es\\\/wp-content\\\/uploads\\\/2023\\\/12\\\/title-1.webp\",\"contentUrl\":\"https:\\\/\\\/www.openup.es\\\/wp-content\\\/uploads\\\/2023\\\/12\\\/title-1.webp\",\"width\":207,\"height\":80,\"caption\":\"Open Up\"},\"image\":{\"@id\":\"https:\\\/\\\/www.openup.es\\\/es\\\/#\\\/schema\\\/logo\\\/image\\\/\"},\"sameAs\":[\"https:\\\/\\\/www.facebook.com\\\/openup.es\",\"https:\\\/\\\/x.com\\\/OpenUp\",\"https:\\\/\\\/www.linkedin.com\\\/company\\\/5022740\\\/admin\\\/feed\\\/posts\\\/\",\"https:\\\/\\\/www.youtube.com\\\/@openup474\\\/videos\"]}]}<\/script>\n<!-- \/ Yoast SEO Premium plugin. -->","yoast_head_json":{"title":"Critical Relocations - Open Up","robots":{"index":"index","follow":"follow","max-snippet":"max-snippet:-1","max-image-preview":"max-image-preview:large","max-video-preview":"max-video-preview:-1"},"canonical":"https:\/\/www.openup.es\/es\/critical-relocations\/","og_locale":"es_ES","og_type":"article","og_title":"Critical Relocations","og_description":"about Critical Systems Transfer We offer a unique service in the market for our customers technological equipment transfer which effectively combines a Technical Team and a Logistic Team. Each team carries out their tasks to a high standard and commitment which is underlined during any move carried out for our customersIn order to carry out [&hellip;]","og_url":"https:\/\/www.openup.es\/es\/critical-relocations\/","og_site_name":"Open Up","article_publisher":"https:\/\/www.facebook.com\/openup.es","article_modified_time":"2024-12-18T09:11:01+00:00","og_image":[{"url":"https:\/\/www.openup.es\/wp-content\/uploads\/2024\/01\/5t4.png","type":"","width":"","height":""}],"twitter_card":"summary_large_image","twitter_site":"@OpenUp","twitter_misc":{"Tiempo de lectura":"1 minuto"},"schema":{"@context":"https:\/\/schema.org","@graph":[{"@type":"WebPage","@id":"https:\/\/www.openup.es\/critical-relocations\/","url":"https:\/\/www.openup.es\/critical-relocations\/","name":"Critical Relocations - Open Up","isPartOf":{"@id":"https:\/\/www.openup.es\/es\/#website"},"primaryImageOfPage":{"@id":"https:\/\/www.openup.es\/critical-relocations\/#primaryimage"},"image":{"@id":"https:\/\/www.openup.es\/critical-relocations\/#primaryimage"},"thumbnailUrl":"https:\/\/www.openup.es\/wp-content\/uploads\/2024\/01\/5t4.png","datePublished":"2023-12-26T09:59:38+00:00","dateModified":"2024-12-18T09:11:01+00:00","breadcrumb":{"@id":"https:\/\/www.openup.es\/critical-relocations\/#breadcrumb"},"inLanguage":"es","potentialAction":[{"@type":"ReadAction","target":["https:\/\/www.openup.es\/critical-relocations\/"]}]},{"@type":"ImageObject","inLanguage":"es","@id":"https:\/\/www.openup.es\/critical-relocations\/#primaryimage","url":"https:\/\/www.openup.es\/wp-content\/uploads\/2024\/01\/5t4.png","contentUrl":"https:\/\/www.openup.es\/wp-content\/uploads\/2024\/01\/5t4.png"},{"@type":"BreadcrumbList","@id":"https:\/\/www.openup.es\/critical-relocations\/#breadcrumb","itemListElement":[{"@type":"ListItem","position":1,"name":"Portada","item":"https:\/\/www.openup.es\/"},{"@type":"ListItem","position":2,"name":"Critical Relocations"}]},{"@type":"WebSite","@id":"https:\/\/www.openup.es\/es\/#website","url":"https:\/\/www.openup.es\/es\/","name":"Open Up","description":"Soluciones Y Servicios Integrales En Centro De Datos","publisher":{"@id":"https:\/\/www.openup.es\/es\/#organization"},"potentialAction":[{"@type":"SearchAction","target":{"@type":"EntryPoint","urlTemplate":"https:\/\/www.openup.es\/es\/?s={search_term_string}"},"query-input":{"@type":"PropertyValueSpecification","valueRequired":true,"valueName":"search_term_string"}}],"inLanguage":"es"},{"@type":"Organization","@id":"https:\/\/www.openup.es\/es\/#organization","name":"Open Up","url":"https:\/\/www.openup.es\/es\/","logo":{"@type":"ImageObject","inLanguage":"es","@id":"https:\/\/www.openup.es\/es\/#\/schema\/logo\/image\/","url":"https:\/\/www.openup.es\/wp-content\/uploads\/2023\/12\/title-1.webp","contentUrl":"https:\/\/www.openup.es\/wp-content\/uploads\/2023\/12\/title-1.webp","width":207,"height":80,"caption":"Open Up"},"image":{"@id":"https:\/\/www.openup.es\/es\/#\/schema\/logo\/image\/"},"sameAs":["https:\/\/www.facebook.com\/openup.es","https:\/\/x.com\/OpenUp","https:\/\/www.linkedin.com\/company\/5022740\/admin\/feed\/posts\/","https:\/\/www.youtube.com\/@openup474\/videos"]}]}},"_links":{"self":[{"href":"https:\/\/www.openup.es\/es\/wp-json\/wp\/v2\/pages\/195","targetHints":{"allow":["GET"]}}],"collection":[{"href":"https:\/\/www.openup.es\/es\/wp-json\/wp\/v2\/pages"}],"about":[{"href":"https:\/\/www.openup.es\/es\/wp-json\/wp\/v2\/types\/page"}],"author":[{"embeddable":true,"href":"https:\/\/www.openup.es\/es\/wp-json\/wp\/v2\/users\/2"}],"replies":[{"embeddable":true,"href":"https:\/\/www.openup.es\/es\/wp-json\/wp\/v2\/comments?post=195"}],"version-history":[{"count":22,"href":"https:\/\/www.openup.es\/es\/wp-json\/wp\/v2\/pages\/195\/revisions"}],"predecessor-version":[{"id":1241,"href":"https:\/\/www.openup.es\/es\/wp-json\/wp\/v2\/pages\/195\/revisions\/1241"}],"wp:attachment":[{"href":"https:\/\/www.openup.es\/es\/wp-json\/wp\/v2\/media?parent=195"}],"curies":[{"name":"wp","href":"https:\/\/api.w.org\/{rel}","templated":true}]}}